{"id":1009,"date":"2020-10-09T16:56:18","date_gmt":"2020-10-09T16:56:18","guid":{"rendered":"https:\/\/sallenelles.net\/?page_id=1009"},"modified":"2021-08-21T18:52:08","modified_gmt":"2021-08-21T18:52:08","slug":"galerie-photos","status":"publish","type":"page","link":"https:\/\/sallenelles.net\/index.php\/galerie-photos\/","title":{"rendered":"Galerie photos"},"content":{"rendered":"<p>[et_pb_section fb_built=\u00a0\u00bb1&Prime; _builder_version=\u00a0\u00bb4.6.0&Prime; _module_preset=\u00a0\u00bbdefault\u00a0\u00bb global_colors_info=\u00a0\u00bb{}\u00a0\u00bb][et_pb_row _builder_version=\u00a0\u00bb4.6.0&Prime; _module_preset=\u00a0\u00bbdefault\u00a0\u00bb max_width=\u00a0\u00bb1605px\u00a0\u00bb global_colors_info=\u00a0\u00bb{}\u00a0\u00bb][et_pb_column type=\u00a0\u00bb4_4&Prime; _builder_version=\u00a0\u00bb4.6.0&Prime; _module_preset=\u00a0\u00bbdefault\u00a0\u00bb global_colors_info=\u00a0\u00bb{}\u00a0\u00bb][et_pb_text _builder_version=\u00a0\u00bb4.10.2&Prime; _module_preset=\u00a0\u00bbdefault\u00a0\u00bb text_font=\u00a0\u00bbArial||||||||\u00a0\u00bb text_font_size=\u00a0\u00bb18px\u00a0\u00bb hover_enabled=\u00a0\u00bb0&Prime; global_colors_info=\u00a0\u00bb{}\u00a0\u00bb sticky_enabled=\u00a0\u00bb0&Prime;]<\/p>\n<p><strong>21 Ao\u00fbt 2021\u00a0 C\u00e9l\u00e9bration de la lib\u00e9ration de Sallenelles<br \/><\/strong><\/p>\n<p>[\/et_pb_text][et_pb_gallery gallery_ids=\u00a0\u00bb1356,1357,1358,1359,1362,1363,1366,1367,1368,1369,1370,1371,1372,1373,1360,1361,1364&Prime; posts_number=\u00a0\u00bb17&Prime; show_pagination=\u00a0\u00bboff\u00a0\u00bb _builder_version=\u00a0\u00bb4.10.2&Prime; _module_preset=\u00a0\u00bbdefault\u00a0\u00bb background_enable_color=\u00a0\u00bboff\u00a0\u00bb child_filter_saturate=\u00a0\u00bb99%\u00a0\u00bb box_shadow_style_image=\u00a0\u00bbpreset4&Prime; box_shadow_horizontal_image=\u00a0\u00bb9px\u00a0\u00bb global_colors_info=\u00a0\u00bb{}\u00a0\u00bb][\/et_pb_gallery][\/et_pb_column][\/et_pb_row][et_pb_row _builder_version=\u00a0\u00bb4.6.0&Prime; _module_preset=\u00a0\u00bbdefault\u00a0\u00bb max_width=\u00a0\u00bb1605px\u00a0\u00bb global_colors_info=\u00a0\u00bb{}\u00a0\u00bb][et_pb_column type=\u00a0\u00bb4_4&Prime; _builder_version=\u00a0\u00bb4.6.0&Prime; _module_preset=\u00a0\u00bbdefault\u00a0\u00bb global_colors_info=\u00a0\u00bb{}\u00a0\u00bb][et_pb_text _builder_version=\u00a0\u00bb4.6.6&Prime; _module_preset=\u00a0\u00bbdefault\u00a0\u00bb text_font=\u00a0\u00bbArial||||||||\u00a0\u00bb text_font_size=\u00a0\u00bb18px\u00a0\u00bb global_colors_info=\u00a0\u00bb{}\u00a0\u00bb]<\/p>\n<p><strong>Septembre 2020\u00a0 Oiseaux migrateurs en baie de Sallenelles\u00a0 \u00a9Bruno Morcel<br \/> <\/strong><\/p>\n<p>[\/et_pb_text][et_pb_gallery gallery_ids=\u00a0\u00bb1070,1069,1068,1067,1066,1146,1093&Prime; posts_number=\u00a0\u00bb6&Prime; show_pagination=\u00a0\u00bboff\u00a0\u00bb _builder_version=\u00a0\u00bb4.10.2&Prime; _module_preset=\u00a0\u00bbdefault\u00a0\u00bb background_enable_color=\u00a0\u00bboff\u00a0\u00bb child_filter_saturate=\u00a0\u00bb99%\u00a0\u00bb box_shadow_style_image=\u00a0\u00bbpreset4&Prime; box_shadow_horizontal_image=\u00a0\u00bb9px\u00a0\u00bb global_colors_info=\u00a0\u00bb{}\u00a0\u00bb][\/et_pb_gallery][\/et_pb_column][\/et_pb_row][\/et_pb_section]<\/p>\n","protected":false},"excerpt":{"rendered":"<p>21 Ao\u00fbt 2021\u00a0 C\u00e9l\u00e9bration de la lib\u00e9ration de SallenellesSeptembre 2020\u00a0 Oiseaux migrateurs en baie de Sallenelles\u00a0 \u00a9Bruno Morcel<\/p>\n","protected":false},"author":3,"featured_media":0,"parent":0,"menu_order":0,"comment_status":"closed","ping_status":"closed","template":"","meta":{"_et_pb_use_builder":"on","_et_pb_old_content":"","_et_gb_content_width":"","_monsterinsights_skip_tracking":false,"_monsterinsights_sitenote_active":false,"_monsterinsights_sitenote_note":"","_monsterinsights_sitenote_category":0,"footnotes":""},"class_list":["post-1009","page","type-page","status-publish","hentry"],"yoast_head":"<!-- This site is optimized with the Yoast SEO plugin v27.4 - https:\/\/yoast.com\/product\/yoast-seo-wordpress\/ -->\n<title>Galerie photos - Mairie de Sallenelles<\/title>\n<meta name=\"robots\" content=\"index, follow, max-snippet:-1, max-image-preview:large, max-video-preview:-1\" \/>\n<link rel=\"canonical\" href=\"https:\/\/sallenelles.net\/index.php\/galerie-photos\/\" \/>\n<meta property=\"og:locale\" content=\"fr_FR\" \/>\n<meta property=\"og:type\" content=\"article\" \/>\n<meta property=\"og:title\" content=\"Galerie photos - Mairie de Sallenelles\" \/>\n<meta property=\"og:description\" content=\"21 Ao\u00fbt 2021\u00a0 C\u00e9l\u00e9bration de la lib\u00e9ration de SallenellesSeptembre 2020\u00a0 Oiseaux migrateurs en baie de Sallenelles\u00a0 \u00a9Bruno Morcel\" \/>\n<meta property=\"og:url\" content=\"https:\/\/sallenelles.net\/index.php\/galerie-photos\/\" \/>\n<meta property=\"og:site_name\" content=\"Mairie de Sallenelles\" \/>\n<meta property=\"article:modified_time\" content=\"2021-08-21T18:52:08+00:00\" \/>\n<meta name=\"twitter:card\" content=\"summary_large_image\" \/>\n<meta name=\"twitter:label1\" content=\"Dur\u00e9e de lecture estim\u00e9e\" \/>\n\t<meta name=\"twitter:data1\" content=\"1 minute\" \/>\n<script type=\"application\/ld+json\" class=\"yoast-schema-graph\">{\"@context\":\"https:\\\/\\\/schema.org\",\"@graph\":[{\"@type\":\"WebPage\",\"@id\":\"https:\\\/\\\/sallenelles.net\\\/index.php\\\/galerie-photos\\\/\",\"url\":\"https:\\\/\\\/sallenelles.net\\\/index.php\\\/galerie-photos\\\/\",\"name\":\"Galerie photos - Mairie de Sallenelles\",\"isPartOf\":{\"@id\":\"https:\\\/\\\/sallenelles.net\\\/#website\"},\"datePublished\":\"2020-10-09T16:56:18+00:00\",\"dateModified\":\"2021-08-21T18:52:08+00:00\",\"breadcrumb\":{\"@id\":\"https:\\\/\\\/sallenelles.net\\\/index.php\\\/galerie-photos\\\/#breadcrumb\"},\"inLanguage\":\"fr-FR\",\"potentialAction\":[{\"@type\":\"ReadAction\",\"target\":[\"https:\\\/\\\/sallenelles.net\\\/index.php\\\/galerie-photos\\\/\"]}]},{\"@type\":\"BreadcrumbList\",\"@id\":\"https:\\\/\\\/sallenelles.net\\\/index.php\\\/galerie-photos\\\/#breadcrumb\",\"itemListElement\":[{\"@type\":\"ListItem\",\"position\":1,\"name\":\"Accueil\",\"item\":\"https:\\\/\\\/sallenelles.net\\\/\"},{\"@type\":\"ListItem\",\"position\":2,\"name\":\"Galerie photos\"}]},{\"@type\":\"WebSite\",\"@id\":\"https:\\\/\\\/sallenelles.net\\\/#website\",\"url\":\"https:\\\/\\\/sallenelles.net\\\/\",\"name\":\"Mairie de Sallenelles\",\"description\":\"La Vie de la Commune\",\"publisher\":{\"@id\":\"https:\\\/\\\/sallenelles.net\\\/#organization\"},\"potentialAction\":[{\"@type\":\"SearchAction\",\"target\":{\"@type\":\"EntryPoint\",\"urlTemplate\":\"https:\\\/\\\/sallenelles.net\\\/?s={search_term_string}\"},\"query-input\":{\"@type\":\"PropertyValueSpecification\",\"valueRequired\":true,\"valueName\":\"search_term_string\"}}],\"inLanguage\":\"fr-FR\"},{\"@type\":\"Organization\",\"@id\":\"https:\\\/\\\/sallenelles.net\\\/#organization\",\"name\":\"Mairie de Sallenelles\",\"url\":\"https:\\\/\\\/sallenelles.net\\\/\",\"logo\":{\"@type\":\"ImageObject\",\"inLanguage\":\"fr-FR\",\"@id\":\"https:\\\/\\\/sallenelles.net\\\/#\\\/schema\\\/logo\\\/image\\\/\",\"url\":\"https:\\\/\\\/sallenelles.net\\\/wp-content\\\/uploads\\\/2021\\\/04\\\/cropped-blason-sallenelles.jpg\",\"contentUrl\":\"https:\\\/\\\/sallenelles.net\\\/wp-content\\\/uploads\\\/2021\\\/04\\\/cropped-blason-sallenelles.jpg\",\"width\":512,\"height\":512,\"caption\":\"Mairie de Sallenelles\"},\"image\":{\"@id\":\"https:\\\/\\\/sallenelles.net\\\/#\\\/schema\\\/logo\\\/image\\\/\"}}]}<\/script>\n<!-- \/ Yoast SEO plugin. -->","yoast_head_json":{"title":"Galerie photos - Mairie de Sallenelles","robots":{"index":"index","follow":"follow","max-snippet":"max-snippet:-1","max-image-preview":"max-image-preview:large","max-video-preview":"max-video-preview:-1"},"canonical":"https:\/\/sallenelles.net\/index.php\/galerie-photos\/","og_locale":"fr_FR","og_type":"article","og_title":"Galerie photos - Mairie de Sallenelles","og_description":"21 Ao\u00fbt 2021\u00a0 C\u00e9l\u00e9bration de la lib\u00e9ration de SallenellesSeptembre 2020\u00a0 Oiseaux migrateurs en baie de Sallenelles\u00a0 \u00a9Bruno Morcel","og_url":"https:\/\/sallenelles.net\/index.php\/galerie-photos\/","og_site_name":"Mairie de Sallenelles","article_modified_time":"2021-08-21T18:52:08+00:00","twitter_card":"summary_large_image","twitter_misc":{"Dur\u00e9e de lecture estim\u00e9e":"1 minute"},"schema":{"@context":"https:\/\/schema.org","@graph":[{"@type":"WebPage","@id":"https:\/\/sallenelles.net\/index.php\/galerie-photos\/","url":"https:\/\/sallenelles.net\/index.php\/galerie-photos\/","name":"Galerie photos - Mairie de Sallenelles","isPartOf":{"@id":"https:\/\/sallenelles.net\/#website"},"datePublished":"2020-10-09T16:56:18+00:00","dateModified":"2021-08-21T18:52:08+00:00","breadcrumb":{"@id":"https:\/\/sallenelles.net\/index.php\/galerie-photos\/#breadcrumb"},"inLanguage":"fr-FR","potentialAction":[{"@type":"ReadAction","target":["https:\/\/sallenelles.net\/index.php\/galerie-photos\/"]}]},{"@type":"BreadcrumbList","@id":"https:\/\/sallenelles.net\/index.php\/galerie-photos\/#breadcrumb","itemListElement":[{"@type":"ListItem","position":1,"name":"Accueil","item":"https:\/\/sallenelles.net\/"},{"@type":"ListItem","position":2,"name":"Galerie photos"}]},{"@type":"WebSite","@id":"https:\/\/sallenelles.net\/#website","url":"https:\/\/sallenelles.net\/","name":"Mairie de Sallenelles","description":"La Vie de la Commune","publisher":{"@id":"https:\/\/sallenelles.net\/#organization"},"potentialAction":[{"@type":"SearchAction","target":{"@type":"EntryPoint","urlTemplate":"https:\/\/sallenelles.net\/?s={search_term_string}"},"query-input":{"@type":"PropertyValueSpecification","valueRequired":true,"valueName":"search_term_string"}}],"inLanguage":"fr-FR"},{"@type":"Organization","@id":"https:\/\/sallenelles.net\/#organization","name":"Mairie de Sallenelles","url":"https:\/\/sallenelles.net\/","logo":{"@type":"ImageObject","inLanguage":"fr-FR","@id":"https:\/\/sallenelles.net\/#\/schema\/logo\/image\/","url":"https:\/\/sallenelles.net\/wp-content\/uploads\/2021\/04\/cropped-blason-sallenelles.jpg","contentUrl":"https:\/\/sallenelles.net\/wp-content\/uploads\/2021\/04\/cropped-blason-sallenelles.jpg","width":512,"height":512,"caption":"Mairie de Sallenelles"},"image":{"@id":"https:\/\/sallenelles.net\/#\/schema\/logo\/image\/"}}]}},"_links":{"self":[{"href":"https:\/\/sallenelles.net\/index.php\/wp-json\/wp\/v2\/pages\/1009","targetHints":{"allow":["GET"]}}],"collection":[{"href":"https:\/\/sallenelles.net\/index.php\/wp-json\/wp\/v2\/pages"}],"about":[{"href":"https:\/\/sallenelles.net\/index.php\/wp-json\/wp\/v2\/types\/page"}],"author":[{"embeddable":true,"href":"https:\/\/sallenelles.net\/index.php\/wp-json\/wp\/v2\/users\/3"}],"replies":[{"embeddable":true,"href":"https:\/\/sallenelles.net\/index.php\/wp-json\/wp\/v2\/comments?post=1009"}],"version-history":[{"count":14,"href":"https:\/\/sallenelles.net\/index.php\/wp-json\/wp\/v2\/pages\/1009\/revisions"}],"predecessor-version":[{"id":1375,"href":"https:\/\/sallenelles.net\/index.php\/wp-json\/wp\/v2\/pages\/1009\/revisions\/1375"}],"wp:attachment":[{"href":"https:\/\/sallenelles.net\/index.php\/wp-json\/wp\/v2\/media?parent=1009"}],"curies":[{"name":"wp","href":"https:\/\/api.w.org\/{rel}","templated":true}]}}