{"id":141,"date":"2019-07-20T08:10:54","date_gmt":"2019-07-20T08:10:54","guid":{"rendered":"https:\/\/sallenelles.net\/?page_id=141"},"modified":"2022-08-10T15:36:59","modified_gmt":"2022-08-10T15:36:59","slug":"le-ccas","status":"publish","type":"page","link":"https:\/\/sallenelles.net\/index.php\/le-ccas\/","title":{"rendered":"Le CCAS"},"content":{"rendered":"<p>[et_pb_section fb_built=\u00a0\u00bb1&Prime; _builder_version=\u00a0\u00bb4.16&Prime; global_colors_info=\u00a0\u00bb{}\u00a0\u00bb][et_pb_row _builder_version=\u00a0\u00bb4.16&Prime; width=\u00a0\u00bb84%\u00a0\u00bb global_colors_info=\u00a0\u00bb{}\u00a0\u00bb][et_pb_column type=\u00a0\u00bb4_4&Prime; _builder_version=\u00a0\u00bb4.16&Prime; global_colors_info=\u00a0\u00bb{}\u00a0\u00bb][et_pb_text _builder_version=\u00a0\u00bb4.16&Prime; text_font=\u00a0\u00bbArial||||||||\u00a0\u00bb text_text_color=\u00a0\u00bb#0c5bd1&Prime; text_font_size=\u00a0\u00bb20px\u00a0\u00bb global_colors_info=\u00a0\u00bb{}\u00a0\u00bb]<\/p>\n<p style=\"text-align: center;\"><span style=\"color: #000080;\"><strong>CCAS : C<\/strong>entre <strong>C<\/strong>ommunal d\u2019<strong>A<\/strong>ction <strong>S<\/strong>ociale<br \/> son r\u00f4le est de venir en aide aux personnes les plus fragiles.<\/span><\/p>\n<p>[\/et_pb_text][\/et_pb_column][\/et_pb_row][et_pb_row column_structure=\u00a0\u00bb1_2,1_2&Prime; _builder_version=\u00a0\u00bb4.16&Prime; _module_preset=\u00a0\u00bbdefault\u00a0\u00bb global_colors_info=\u00a0\u00bb{}\u00a0\u00bb][et_pb_column type=\u00a0\u00bb1_2&Prime; _builder_version=\u00a0\u00bb4.16&Prime; _module_preset=\u00a0\u00bbdefault\u00a0\u00bb global_colors_info=\u00a0\u00bb{}\u00a0\u00bb][et_pb_text _builder_version=\u00a0\u00bb4.16&Prime; _module_preset=\u00a0\u00bbdefault\u00a0\u00bb global_colors_info=\u00a0\u00bb{}\u00a0\u00bb]<\/p>\n<p style=\"text-align: right;\"><strong>Membres \u00e9lus<\/strong><\/p>\n<p>[\/et_pb_text][\/et_pb_column][et_pb_column type=\u00a0\u00bb1_2&Prime; _builder_version=\u00a0\u00bb4.16&Prime; _module_preset=\u00a0\u00bbdefault\u00a0\u00bb global_colors_info=\u00a0\u00bb{}\u00a0\u00bb][et_pb_text _builder_version=\u00a0\u00bb4.17.6&Prime; _module_preset=\u00a0\u00bbdefault\u00a0\u00bb hover_enabled=\u00a0\u00bb0&Prime; global_colors_info=\u00a0\u00bb{}\u00a0\u00bb sticky_enabled=\u00a0\u00bb0&Prime;]<\/p>\n<p><strong>LEMARCHAND Laurent<\/strong><br \/><strong>MARTIN LELIEVRE Catherine<\/strong><br \/><strong>DAGORN Pascale<\/strong><br \/><strong>CHRETIEN Paola<\/strong><\/p>\n<p>[\/et_pb_text][\/et_pb_column][\/et_pb_row][et_pb_row column_structure=\u00a0\u00bb1_2,1_2&Prime; _builder_version=\u00a0\u00bb4.16&Prime; _module_preset=\u00a0\u00bbdefault\u00a0\u00bb global_colors_info=\u00a0\u00bb{}\u00a0\u00bb][et_pb_column type=\u00a0\u00bb1_2&Prime; _builder_version=\u00a0\u00bb4.16&Prime; _module_preset=\u00a0\u00bbdefault\u00a0\u00bb global_colors_info=\u00a0\u00bb{}\u00a0\u00bb][et_pb_text _builder_version=\u00a0\u00bb4.16&Prime; _module_preset=\u00a0\u00bbdefault\u00a0\u00bb global_colors_info=\u00a0\u00bb{}\u00a0\u00bb]<\/p>\n<p style=\"text-align: right;\"><strong>Membres non-\u00e9lus<\/strong><\/p>\n<p>[\/et_pb_text][\/et_pb_column][et_pb_column type=\u00a0\u00bb1_2&Prime; _builder_version=\u00a0\u00bb4.16&Prime; _module_preset=\u00a0\u00bbdefault\u00a0\u00bb global_colors_info=\u00a0\u00bb{}\u00a0\u00bb][et_pb_text _builder_version=\u00a0\u00bb4.16&Prime; _module_preset=\u00a0\u00bbdefault\u00a0\u00bb global_colors_info=\u00a0\u00bb{}\u00a0\u00bb]<\/p>\n<p><strong>DUPUIS Th\u00e9r\u00e8se<\/strong><br \/><strong>BERNEDE S\u00e9bastien<\/strong><br \/><strong>HANOUT Isabelle<\/strong><br \/><strong>DOUELLE Martine<\/strong>.<\/p>\n<p>[\/et_pb_text][\/et_pb_column][\/et_pb_row][\/et_pb_section]<\/p>\n","protected":false},"excerpt":{"rendered":"<p>CCAS : Centre Communal d\u2019Action Sociale son r\u00f4le est de venir en aide aux personnes les plus fragiles.Membres \u00e9lusLEMARCHAND LaurentMARTIN LELIEVRE CatherineDAGORN PascaleCHRETIEN PaolaMembres non-\u00e9lusDUPUIS Th\u00e9r\u00e8seBERNEDE S\u00e9bastienHANOUT IsabelleDOUELLE Martine.<\/p>\n","protected":false},"author":1,"featured_media":0,"parent":0,"menu_order":0,"comment_status":"closed","ping_status":"closed","template":"","meta":{"_et_pb_use_builder":"on","_et_pb_old_content":"","_et_gb_content_width":"","_monsterinsights_skip_tracking":false,"_monsterinsights_sitenote_active":false,"_monsterinsights_sitenote_note":"","_monsterinsights_sitenote_category":0,"footnotes":""},"class_list":["post-141","page","type-page","status-publish","hentry"],"yoast_head":"<!-- This site is optimized with the Yoast SEO plugin v27.4 - https:\/\/yoast.com\/product\/yoast-seo-wordpress\/ -->\n<title>Le CCAS - Mairie de Sallenelles<\/title>\n<meta name=\"robots\" content=\"index, follow, max-snippet:-1, max-image-preview:large, max-video-preview:-1\" \/>\n<link rel=\"canonical\" href=\"https:\/\/sallenelles.net\/index.php\/le-ccas\/\" \/>\n<meta property=\"og:locale\" content=\"fr_FR\" \/>\n<meta property=\"og:type\" content=\"article\" \/>\n<meta property=\"og:title\" content=\"Le CCAS - Mairie de Sallenelles\" \/>\n<meta property=\"og:description\" content=\"CCAS : Centre Communal d\u2019Action Sociale son r\u00f4le est de venir en aide aux personnes les plus fragiles.Membres \u00e9lusLEMARCHAND LaurentMARTIN LELIEVRE CatherineDAGORN PascaleCHRETIEN PaolaMembres non-\u00e9lusDUPUIS Th\u00e9r\u00e8seBERNEDE S\u00e9bastienHANOUT IsabelleDOUELLE Martine.\" \/>\n<meta property=\"og:url\" content=\"https:\/\/sallenelles.net\/index.php\/le-ccas\/\" \/>\n<meta property=\"og:site_name\" content=\"Mairie de Sallenelles\" \/>\n<meta property=\"article:modified_time\" content=\"2022-08-10T15:36:59+00:00\" \/>\n<meta name=\"twitter:card\" content=\"summary_large_image\" \/>\n<meta name=\"twitter:label1\" content=\"Dur\u00e9e de lecture estim\u00e9e\" \/>\n\t<meta name=\"twitter:data1\" content=\"1 minute\" \/>\n<script type=\"application\/ld+json\" class=\"yoast-schema-graph\">{\"@context\":\"https:\\\/\\\/schema.org\",\"@graph\":[{\"@type\":\"WebPage\",\"@id\":\"https:\\\/\\\/sallenelles.net\\\/index.php\\\/le-ccas\\\/\",\"url\":\"https:\\\/\\\/sallenelles.net\\\/index.php\\\/le-ccas\\\/\",\"name\":\"Le CCAS - Mairie de Sallenelles\",\"isPartOf\":{\"@id\":\"https:\\\/\\\/sallenelles.net\\\/#website\"},\"datePublished\":\"2019-07-20T08:10:54+00:00\",\"dateModified\":\"2022-08-10T15:36:59+00:00\",\"breadcrumb\":{\"@id\":\"https:\\\/\\\/sallenelles.net\\\/index.php\\\/le-ccas\\\/#breadcrumb\"},\"inLanguage\":\"fr-FR\",\"potentialAction\":[{\"@type\":\"ReadAction\",\"target\":[\"https:\\\/\\\/sallenelles.net\\\/index.php\\\/le-ccas\\\/\"]}]},{\"@type\":\"BreadcrumbList\",\"@id\":\"https:\\\/\\\/sallenelles.net\\\/index.php\\\/le-ccas\\\/#breadcrumb\",\"itemListElement\":[{\"@type\":\"ListItem\",\"position\":1,\"name\":\"Accueil\",\"item\":\"https:\\\/\\\/sallenelles.net\\\/\"},{\"@type\":\"ListItem\",\"position\":2,\"name\":\"Le CCAS\"}]},{\"@type\":\"WebSite\",\"@id\":\"https:\\\/\\\/sallenelles.net\\\/#website\",\"url\":\"https:\\\/\\\/sallenelles.net\\\/\",\"name\":\"Mairie de Sallenelles\",\"description\":\"La Vie de la Commune\",\"publisher\":{\"@id\":\"https:\\\/\\\/sallenelles.net\\\/#organization\"},\"potentialAction\":[{\"@type\":\"SearchAction\",\"target\":{\"@type\":\"EntryPoint\",\"urlTemplate\":\"https:\\\/\\\/sallenelles.net\\\/?s={search_term_string}\"},\"query-input\":{\"@type\":\"PropertyValueSpecification\",\"valueRequired\":true,\"valueName\":\"search_term_string\"}}],\"inLanguage\":\"fr-FR\"},{\"@type\":\"Organization\",\"@id\":\"https:\\\/\\\/sallenelles.net\\\/#organization\",\"name\":\"Mairie de Sallenelles\",\"url\":\"https:\\\/\\\/sallenelles.net\\\/\",\"logo\":{\"@type\":\"ImageObject\",\"inLanguage\":\"fr-FR\",\"@id\":\"https:\\\/\\\/sallenelles.net\\\/#\\\/schema\\\/logo\\\/image\\\/\",\"url\":\"https:\\\/\\\/sallenelles.net\\\/wp-content\\\/uploads\\\/2021\\\/04\\\/cropped-blason-sallenelles.jpg\",\"contentUrl\":\"https:\\\/\\\/sallenelles.net\\\/wp-content\\\/uploads\\\/2021\\\/04\\\/cropped-blason-sallenelles.jpg\",\"width\":512,\"height\":512,\"caption\":\"Mairie de Sallenelles\"},\"image\":{\"@id\":\"https:\\\/\\\/sallenelles.net\\\/#\\\/schema\\\/logo\\\/image\\\/\"}}]}<\/script>\n<!-- \/ Yoast SEO plugin. -->","yoast_head_json":{"title":"Le CCAS - Mairie de Sallenelles","robots":{"index":"index","follow":"follow","max-snippet":"max-snippet:-1","max-image-preview":"max-image-preview:large","max-video-preview":"max-video-preview:-1"},"canonical":"https:\/\/sallenelles.net\/index.php\/le-ccas\/","og_locale":"fr_FR","og_type":"article","og_title":"Le CCAS - Mairie de Sallenelles","og_description":"CCAS : Centre Communal d\u2019Action Sociale son r\u00f4le est de venir en aide aux personnes les plus fragiles.Membres \u00e9lusLEMARCHAND LaurentMARTIN LELIEVRE CatherineDAGORN PascaleCHRETIEN PaolaMembres non-\u00e9lusDUPUIS Th\u00e9r\u00e8seBERNEDE S\u00e9bastienHANOUT IsabelleDOUELLE Martine.","og_url":"https:\/\/sallenelles.net\/index.php\/le-ccas\/","og_site_name":"Mairie de Sallenelles","article_modified_time":"2022-08-10T15:36:59+00:00","twitter_card":"summary_large_image","twitter_misc":{"Dur\u00e9e de lecture estim\u00e9e":"1 minute"},"schema":{"@context":"https:\/\/schema.org","@graph":[{"@type":"WebPage","@id":"https:\/\/sallenelles.net\/index.php\/le-ccas\/","url":"https:\/\/sallenelles.net\/index.php\/le-ccas\/","name":"Le CCAS - Mairie de Sallenelles","isPartOf":{"@id":"https:\/\/sallenelles.net\/#website"},"datePublished":"2019-07-20T08:10:54+00:00","dateModified":"2022-08-10T15:36:59+00:00","breadcrumb":{"@id":"https:\/\/sallenelles.net\/index.php\/le-ccas\/#breadcrumb"},"inLanguage":"fr-FR","potentialAction":[{"@type":"ReadAction","target":["https:\/\/sallenelles.net\/index.php\/le-ccas\/"]}]},{"@type":"BreadcrumbList","@id":"https:\/\/sallenelles.net\/index.php\/le-ccas\/#breadcrumb","itemListElement":[{"@type":"ListItem","position":1,"name":"Accueil","item":"https:\/\/sallenelles.net\/"},{"@type":"ListItem","position":2,"name":"Le CCAS"}]},{"@type":"WebSite","@id":"https:\/\/sallenelles.net\/#website","url":"https:\/\/sallenelles.net\/","name":"Mairie de Sallenelles","description":"La Vie de la Commune","publisher":{"@id":"https:\/\/sallenelles.net\/#organization"},"potentialAction":[{"@type":"SearchAction","target":{"@type":"EntryPoint","urlTemplate":"https:\/\/sallenelles.net\/?s={search_term_string}"},"query-input":{"@type":"PropertyValueSpecification","valueRequired":true,"valueName":"search_term_string"}}],"inLanguage":"fr-FR"},{"@type":"Organization","@id":"https:\/\/sallenelles.net\/#organization","name":"Mairie de Sallenelles","url":"https:\/\/sallenelles.net\/","logo":{"@type":"ImageObject","inLanguage":"fr-FR","@id":"https:\/\/sallenelles.net\/#\/schema\/logo\/image\/","url":"https:\/\/sallenelles.net\/wp-content\/uploads\/2021\/04\/cropped-blason-sallenelles.jpg","contentUrl":"https:\/\/sallenelles.net\/wp-content\/uploads\/2021\/04\/cropped-blason-sallenelles.jpg","width":512,"height":512,"caption":"Mairie de Sallenelles"},"image":{"@id":"https:\/\/sallenelles.net\/#\/schema\/logo\/image\/"}}]}},"_links":{"self":[{"href":"https:\/\/sallenelles.net\/index.php\/wp-json\/wp\/v2\/pages\/141","targetHints":{"allow":["GET"]}}],"collection":[{"href":"https:\/\/sallenelles.net\/index.php\/wp-json\/wp\/v2\/pages"}],"about":[{"href":"https:\/\/sallenelles.net\/index.php\/wp-json\/wp\/v2\/types\/page"}],"author":[{"embeddable":true,"href":"https:\/\/sallenelles.net\/index.php\/wp-json\/wp\/v2\/users\/1"}],"replies":[{"embeddable":true,"href":"https:\/\/sallenelles.net\/index.php\/wp-json\/wp\/v2\/comments?post=141"}],"version-history":[{"count":17,"href":"https:\/\/sallenelles.net\/index.php\/wp-json\/wp\/v2\/pages\/141\/revisions"}],"predecessor-version":[{"id":1468,"href":"https:\/\/sallenelles.net\/index.php\/wp-json\/wp\/v2\/pages\/141\/revisions\/1468"}],"wp:attachment":[{"href":"https:\/\/sallenelles.net\/index.php\/wp-json\/wp\/v2\/media?parent=141"}],"curies":[{"name":"wp","href":"https:\/\/api.w.org\/{rel}","templated":true}]}}