{"id":17,"date":"2019-06-22T05:25:06","date_gmt":"2019-06-22T05:25:06","guid":{"rendered":"https:\/\/sallenelles.net\/?page_id=17"},"modified":"2025-07-11T06:08:58","modified_gmt":"2025-07-11T06:08:58","slug":"title","status":"publish","type":"page","link":"https:\/\/sallenelles.net\/","title":{"rendered":"Accueil"},"content":{"rendered":"[et_pb_section fb_built=\u00a0\u00bb1&Prime; _builder_version=\u00a0\u00bb4.16&Prime; custom_margin=\u00a0\u00bb14px||||false|false\u00a0\u00bb global_colors_info=\u00a0\u00bb{}\u00a0\u00bb][et_pb_row _builder_version=\u00a0\u00bb4.16&Prime; background_size=\u00a0\u00bbinitial\u00a0\u00bb background_position=\u00a0\u00bbtop_left\u00a0\u00bb background_repeat=\u00a0\u00bbrepeat\u00a0\u00bb width=\u00a0\u00bb100%\u00a0\u00bb max_width=\u00a0\u00bb1499px\u00a0\u00bb custom_margin=\u00a0\u00bb-10px||||false|false\u00a0\u00bb custom_padding=\u00a0\u00bb0px||\u00a0\u00bb global_colors_info=\u00a0\u00bb{}\u00a0\u00bb][et_pb_column type=\u00a0\u00bb4_4&Prime; _builder_version=\u00a0\u00bb4.16&Prime; custom_padding=\u00a0\u00bb|||\u00a0\u00bb global_colors_info=\u00a0\u00bb{}\u00a0\u00bb custom_padding__hover=\u00a0\u00bb|||\u00a0\u00bb][et_pb_text _builder_version=\u00a0\u00bb4.19.4&Prime; text_font=\u00a0\u00bbArial||||||||\u00a0\u00bb text_font_size=\u00a0\u00bb26px\u00a0\u00bb background_size=\u00a0\u00bbinitial\u00a0\u00bb background_position=\u00a0\u00bbtop_left\u00a0\u00bb background_repeat=\u00a0\u00bbrepeat\u00a0\u00bb text_orientation=\u00a0\u00bbcenter\u00a0\u00bb custom_margin=\u00a0\u00bb-70px||||false|false\u00a0\u00bb custom_padding=\u00a0\u00bb0px||2px||false|false\u00a0\u00bb text_text_align=\u00a0\u00bbcenter\u00a0\u00bb global_colors_info=\u00a0\u00bb{}\u00a0\u00bb]<p><\/p>\n<div><\/div>\n<p><strong><span style=\"font-size: 18pt;\"><\/span><\/strong><\/p>\n<h2><span style=\"font-size: 14pt; font-family: arial, helvetica, sans-serif; color: #0000ff;\">Bienvenue dans notre village<\/span><\/h2>\n<h5><span style=\"color: #000000;\">Situ\u00e9e en Basse-Normandie, \u00e0 l&#8217;embouchure de l&rsquo;Orne, Sallenelles, commune de 294 habitants, allie le charme de la campagne \u00e0 la richesse \u00e9cologique d&rsquo;une zone humide.<\/span><\/h5>\n<h5><span style=\"color: #000000;\">De tout temps, notre commune a su s&rsquo;adapter aux modifications de son environnement. Erosion du littoral, modification du trac\u00e9 de l&rsquo;Orne, percement du canal de Caen \u00e0 la mer.<\/span><\/h5>\n<h5><span style=\"color: #000000;\">Les activit\u00e9 humaines ont suivi ces \u00e9volutions, \u00e0 l&rsquo;origine Sallenelles produisait du sel, puis est devenue un centre important de chantiers navals.<\/span><\/h5>\n<h5><span style=\"color: #000000;\"> Ces p\u00f4les \u00e9conomiques ayant disparu, la chasse et la p\u00eache ont permis \u00e0 Sallenelles de conserver une notori\u00e9t\u00e9.<\/span><\/h5>\n<h5><span style=\"color: #000000;\">Aujourd&rsquo;hui sa sp\u00e9cificit\u00e9 environnementale en fait un centre important d&rsquo;observation, de sensibilisation et d&rsquo;\u00e9tude des milieux humides.<\/span><\/h5>\n<h5><span style=\"font-size: 12pt; color: #000000;\">Sallenelles appartient \u00e0 la Communaut\u00e9 de Communes Normandie Cabourg Pays d&rsquo;Auge (NCPA)<\/span><\/h5>\n<p><\/p>\n<p><\/p>\n<p><\/p>[\/et_pb_text][et_pb_button button_text=\u00a0\u00bbNouveau : Circuit Touristique\u00a0\u00bb _builder_version=\u00a0\u00bb4.27.4&Prime; _module_preset=\u00a0\u00bbdefault\u00a0\u00bb url_new_window=\u00a0\u00bbon\u00a0\u00bb button_url=\u00a0\u00bbhttps:\/\/circuit-touristique.sallenelles.net\/fr\/\u00a0\u00bb button_alignment=\u00a0\u00bbcenter\u00a0\u00bb custom_button=\u00a0\u00bbon\u00a0\u00bb button_border_width=\u00a0\u00bb3px\u00a0\u00bb button_icon=\u00a0\u00bb&#x41;||divi||400&Prime; button_icon_color=\u00a0\u00bb#E02B20&Prime; hover_enabled=\u00a0\u00bb0&Prime; sticky_enabled=\u00a0\u00bb0&Prime;][\/et_pb_button][\/et_pb_column][\/et_pb_row][et_pb_row _builder_version=\u00a0\u00bb4.16&Prime; _module_preset=\u00a0\u00bbdefault\u00a0\u00bb global_colors_info=\u00a0\u00bb{}\u00a0\u00bb][et_pb_column type=\u00a0\u00bb4_4&Prime; _builder_version=\u00a0\u00bb4.16&Prime; _module_preset=\u00a0\u00bbdefault\u00a0\u00bb global_colors_info=\u00a0\u00bb{}\u00a0\u00bb][et_pb_text _builder_version=\u00a0\u00bb4.27.4&Prime; _module_preset=\u00a0\u00bbdefault\u00a0\u00bb global_colors_info=\u00a0\u00bb{}\u00a0\u00bb]<h3><span style=\"color: #0000ff;\">\u00a0 <strong>Flash Infos&#8230;.en bref<\/strong><\/span><\/h3>\n<h2><span style=\"color: #0000ff;\"><strong><span><\/span><\/strong><\/span><\/h2>\n<p>&nbsp;<\/p>\n<h1><span style=\"color: #ff0000;\"><strong>\u00a0<\/strong><\/span><\/h1>[\/et_pb_text][\/et_pb_column][\/et_pb_row][et_pb_row _builder_version=\u00a0\u00bb4.16&Prime; _module_preset=\u00a0\u00bbdefault\u00a0\u00bb global_colors_info=\u00a0\u00bb{}\u00a0\u00bb][et_pb_column type=\u00a0\u00bb4_4&Prime; _builder_version=\u00a0\u00bb4.16&Prime; _module_preset=\u00a0\u00bbdefault\u00a0\u00bb global_colors_info=\u00a0\u00bb{}\u00a0\u00bb][et_pb_blog fullwidth=\u00a0\u00bboff\u00a0\u00bb posts_number=\u00a0\u00bb3&Prime; include_categories=\u00a0\u00bball\u00a0\u00bb meta_date=\u00a0\u00bbj M Y\u00a0\u00bb show_more=\u00a0\u00bbon\u00a0\u00bb show_author=\u00a0\u00bboff\u00a0\u00bb show_categories=\u00a0\u00bboff\u00a0\u00bb _builder_version=\u00a0\u00bb4.16&Prime; _module_preset=\u00a0\u00bbdefault\u00a0\u00bb global_colors_info=\u00a0\u00bb{}\u00a0\u00bb][\/et_pb_blog][\/et_pb_column][\/et_pb_row][\/et_pb_section]","protected":false},"excerpt":{"rendered":"<p> Bienvenue dans notre village Situ\u00e9e en Basse-Normandie, \u00e0 l&#8217;embouchure de l&rsquo;Orne, Sallenelles, commune de 294 habitants, allie le charme de la campagne \u00e0 la richesse \u00e9cologique d&rsquo;une zone humide. De tout temps, notre commune a su s&rsquo;adapter aux modifications de son environnement. Erosion du littoral, modification du trac\u00e9 de l&rsquo;Orne, percement du canal [&hellip;]<\/p>\n","protected":false},"author":1,"featured_media":0,"parent":0,"menu_order":0,"comment_status":"closed","ping_status":"closed","template":"","meta":{"_et_pb_use_builder":"on","_et_pb_old_content":"<!-- wp:paragraph -->\r\n<div>[smartslider3 slider=2]<\/div>\r\n<p><strong><span style=\"font-size: 18pt;\">Notre site Internet est en reconstruction<\/span><\/strong><\/p>\r\n<p><strong><span style=\"font-size: 18pt;\"><!-- \/wp:paragraph --><!-- wp:paragraph --><\/span><\/strong><\/p>\r\n<p><strong><span style=\"font-size: 18pt;\">Veuillez nous en excusez<\/span><\/strong><\/p>\r\n<p><strong><span style=\"font-size: 18pt;\"><!-- \/wp:paragraph --><!-- wp:paragraph --><\/span><\/strong><\/p>\r\n<p><strong><span style=\"font-size: 18pt;\">A tr\u00e8s bient\u00f4t<\/span><\/strong><\/p>\r\n<p style=\"text-align: center;\"><span style=\"font-size: 14pt; font-family: arial, helvetica, sans-serif;\"><span style=\"color: #3366ff;\">Bienvenue dans notre village<\/span><br \/><br \/><\/span>Situ\u00e9e en Basse-Normandie, \u00e0 l'embouchure de l'Orne, Sallenelles, commune de 318 habitants, allie le charme de la campagne \u00e0 la richesse \u00e9cologique d'une zone humide. <br \/>De tout temps, notre commune a su s'adapter aux modifications de son environnement. Erosion du littoral, modification du trac\u00e9 de l'Orne, percement du canal de Caen \u00e0 la mer.<br \/>Les activit\u00e9 humaines ont suivi ces \u00e9volutions, \u00e0 l'origine Sallenelles produisait du sel, puis est devenue un centre important de chantiers navals.<br \/>Ces p\u00f4les \u00e9conomiques ayant disparu, la chasse et la p\u00eache ont permis \u00e0 Sallenelles de cconserver une notori\u00e9t\u00e9. <br \/><br \/>Aujourd'hui sa sp\u00e9cificit\u00e9 environnementale en fait un centre important d'observation, de sensibilisation et d'\u00e9tude des milieux humides.<\/p>\r\n<p style=\"text-align: center;\"><span style=\"font-size: 12pt; color: #3366ff;\">Sallenelles appartient \u00e0 la Communaut\u00e9 de Communes Normandie Cabourg Pays d'Auge (NCPA)<\/span><\/p>\r\n<!-- \/wp:paragraph --><!-- wp:paragraph -->\r\n<p>\u00a0<\/p>\r\n<!-- \/wp:paragraph -->","_et_gb_content_width":"","_monsterinsights_skip_tracking":false,"_monsterinsights_sitenote_active":false,"_monsterinsights_sitenote_note":"","_monsterinsights_sitenote_category":0,"footnotes":""},"class_list":["post-17","page","type-page","status-publish","hentry"],"yoast_head":"<!-- This site is optimized with the Yoast SEO plugin v27.4 - https:\/\/yoast.com\/product\/yoast-seo-wordpress\/ -->\n<title>Accueil - Mairie de Sallenelles<\/title>\n<meta name=\"description\" content=\"Mairie de Sallenelles La Vie de la Commune\" \/>\n<meta name=\"robots\" content=\"index, follow, max-snippet:-1, max-image-preview:large, max-video-preview:-1\" \/>\n<link rel=\"canonical\" href=\"https:\/\/sallenelles.net\/\" \/>\n<meta property=\"og:locale\" content=\"fr_FR\" \/>\n<meta property=\"og:type\" content=\"article\" \/>\n<meta property=\"og:title\" content=\"Accueil - Mairie de Sallenelles\" \/>\n<meta property=\"og:description\" content=\"Mairie de Sallenelles La Vie de la Commune\" \/>\n<meta property=\"og:url\" content=\"https:\/\/sallenelles.net\/\" \/>\n<meta property=\"og:site_name\" content=\"Mairie de Sallenelles\" \/>\n<meta property=\"article:modified_time\" content=\"2025-07-11T06:08:58+00:00\" \/>\n<meta name=\"twitter:card\" content=\"summary_large_image\" \/>\n<meta name=\"twitter:label1\" content=\"Dur\u00e9e de lecture estim\u00e9e\" \/>\n\t<meta name=\"twitter:data1\" content=\"2 minutes\" \/>\n<script type=\"application\/ld+json\" class=\"yoast-schema-graph\">{\"@context\":\"https:\\\/\\\/schema.org\",\"@graph\":[{\"@type\":\"WebPage\",\"@id\":\"https:\\\/\\\/sallenelles.net\\\/\",\"url\":\"https:\\\/\\\/sallenelles.net\\\/\",\"name\":\"Accueil - Mairie de Sallenelles\",\"isPartOf\":{\"@id\":\"https:\\\/\\\/sallenelles.net\\\/#website\"},\"datePublished\":\"2019-06-22T05:25:06+00:00\",\"dateModified\":\"2025-07-11T06:08:58+00:00\",\"description\":\"Mairie de Sallenelles La Vie de la Commune\",\"breadcrumb\":{\"@id\":\"https:\\\/\\\/sallenelles.net\\\/#breadcrumb\"},\"inLanguage\":\"fr-FR\",\"potentialAction\":[{\"@type\":\"ReadAction\",\"target\":[\"https:\\\/\\\/sallenelles.net\\\/\"]}]},{\"@type\":\"BreadcrumbList\",\"@id\":\"https:\\\/\\\/sallenelles.net\\\/#breadcrumb\",\"itemListElement\":[{\"@type\":\"ListItem\",\"position\":1,\"name\":\"Accueil\",\"item\":\"https:\\\/\\\/sallenelles.net\\\/\"},{\"@type\":\"ListItem\",\"position\":2,\"name\":\"Accueil\"}]},{\"@type\":\"WebSite\",\"@id\":\"https:\\\/\\\/sallenelles.net\\\/#website\",\"url\":\"https:\\\/\\\/sallenelles.net\\\/\",\"name\":\"Mairie de Sallenelles\",\"description\":\"La Vie de la Commune\",\"publisher\":{\"@id\":\"https:\\\/\\\/sallenelles.net\\\/#organization\"},\"potentialAction\":[{\"@type\":\"SearchAction\",\"target\":{\"@type\":\"EntryPoint\",\"urlTemplate\":\"https:\\\/\\\/sallenelles.net\\\/?s={search_term_string}\"},\"query-input\":{\"@type\":\"PropertyValueSpecification\",\"valueRequired\":true,\"valueName\":\"search_term_string\"}}],\"inLanguage\":\"fr-FR\"},{\"@type\":\"Organization\",\"@id\":\"https:\\\/\\\/sallenelles.net\\\/#organization\",\"name\":\"Mairie de Sallenelles\",\"url\":\"https:\\\/\\\/sallenelles.net\\\/\",\"logo\":{\"@type\":\"ImageObject\",\"inLanguage\":\"fr-FR\",\"@id\":\"https:\\\/\\\/sallenelles.net\\\/#\\\/schema\\\/logo\\\/image\\\/\",\"url\":\"https:\\\/\\\/sallenelles.net\\\/wp-content\\\/uploads\\\/2021\\\/04\\\/cropped-blason-sallenelles.jpg\",\"contentUrl\":\"https:\\\/\\\/sallenelles.net\\\/wp-content\\\/uploads\\\/2021\\\/04\\\/cropped-blason-sallenelles.jpg\",\"width\":512,\"height\":512,\"caption\":\"Mairie de Sallenelles\"},\"image\":{\"@id\":\"https:\\\/\\\/sallenelles.net\\\/#\\\/schema\\\/logo\\\/image\\\/\"}}]}<\/script>\n<!-- \/ Yoast SEO plugin. -->","yoast_head_json":{"title":"Accueil - Mairie de Sallenelles","description":"Mairie de Sallenelles La Vie de la Commune","robots":{"index":"index","follow":"follow","max-snippet":"max-snippet:-1","max-image-preview":"max-image-preview:large","max-video-preview":"max-video-preview:-1"},"canonical":"https:\/\/sallenelles.net\/","og_locale":"fr_FR","og_type":"article","og_title":"Accueil - Mairie de Sallenelles","og_description":"Mairie de Sallenelles La Vie de la Commune","og_url":"https:\/\/sallenelles.net\/","og_site_name":"Mairie de Sallenelles","article_modified_time":"2025-07-11T06:08:58+00:00","twitter_card":"summary_large_image","twitter_misc":{"Dur\u00e9e de lecture estim\u00e9e":"2 minutes"},"schema":{"@context":"https:\/\/schema.org","@graph":[{"@type":"WebPage","@id":"https:\/\/sallenelles.net\/","url":"https:\/\/sallenelles.net\/","name":"Accueil - Mairie de Sallenelles","isPartOf":{"@id":"https:\/\/sallenelles.net\/#website"},"datePublished":"2019-06-22T05:25:06+00:00","dateModified":"2025-07-11T06:08:58+00:00","description":"Mairie de Sallenelles La Vie de la Commune","breadcrumb":{"@id":"https:\/\/sallenelles.net\/#breadcrumb"},"inLanguage":"fr-FR","potentialAction":[{"@type":"ReadAction","target":["https:\/\/sallenelles.net\/"]}]},{"@type":"BreadcrumbList","@id":"https:\/\/sallenelles.net\/#breadcrumb","itemListElement":[{"@type":"ListItem","position":1,"name":"Accueil","item":"https:\/\/sallenelles.net\/"},{"@type":"ListItem","position":2,"name":"Accueil"}]},{"@type":"WebSite","@id":"https:\/\/sallenelles.net\/#website","url":"https:\/\/sallenelles.net\/","name":"Mairie de Sallenelles","description":"La Vie de la Commune","publisher":{"@id":"https:\/\/sallenelles.net\/#organization"},"potentialAction":[{"@type":"SearchAction","target":{"@type":"EntryPoint","urlTemplate":"https:\/\/sallenelles.net\/?s={search_term_string}"},"query-input":{"@type":"PropertyValueSpecification","valueRequired":true,"valueName":"search_term_string"}}],"inLanguage":"fr-FR"},{"@type":"Organization","@id":"https:\/\/sallenelles.net\/#organization","name":"Mairie de Sallenelles","url":"https:\/\/sallenelles.net\/","logo":{"@type":"ImageObject","inLanguage":"fr-FR","@id":"https:\/\/sallenelles.net\/#\/schema\/logo\/image\/","url":"https:\/\/sallenelles.net\/wp-content\/uploads\/2021\/04\/cropped-blason-sallenelles.jpg","contentUrl":"https:\/\/sallenelles.net\/wp-content\/uploads\/2021\/04\/cropped-blason-sallenelles.jpg","width":512,"height":512,"caption":"Mairie de Sallenelles"},"image":{"@id":"https:\/\/sallenelles.net\/#\/schema\/logo\/image\/"}}]}},"_links":{"self":[{"href":"https:\/\/sallenelles.net\/index.php\/wp-json\/wp\/v2\/pages\/17","targetHints":{"allow":["GET"]}}],"collection":[{"href":"https:\/\/sallenelles.net\/index.php\/wp-json\/wp\/v2\/pages"}],"about":[{"href":"https:\/\/sallenelles.net\/index.php\/wp-json\/wp\/v2\/types\/page"}],"author":[{"embeddable":true,"href":"https:\/\/sallenelles.net\/index.php\/wp-json\/wp\/v2\/users\/1"}],"replies":[{"embeddable":true,"href":"https:\/\/sallenelles.net\/index.php\/wp-json\/wp\/v2\/comments?post=17"}],"version-history":[{"count":61,"href":"https:\/\/sallenelles.net\/index.php\/wp-json\/wp\/v2\/pages\/17\/revisions"}],"predecessor-version":[{"id":1847,"href":"https:\/\/sallenelles.net\/index.php\/wp-json\/wp\/v2\/pages\/17\/revisions\/1847"}],"wp:attachment":[{"href":"https:\/\/sallenelles.net\/index.php\/wp-json\/wp\/v2\/media?parent=17"}],"curies":[{"name":"wp","href":"https:\/\/api.w.org\/{rel}","templated":true}]}}