{"id":29,"date":"2019-07-17T08:03:18","date_gmt":"2019-07-17T08:03:18","guid":{"rendered":"https:\/\/sallenelles.net\/?page_id=29"},"modified":"2025-02-16T15:04:51","modified_gmt":"2025-02-16T15:04:51","slug":"la-mairie","status":"publish","type":"page","link":"https:\/\/sallenelles.net\/index.php\/la-mairie\/","title":{"rendered":"La Mairie"},"content":{"rendered":"<p>[et_pb_section fb_built=\u00a0\u00bb1&Prime; _builder_version=\u00a0\u00bb4.16&Prime; global_colors_info=\u00a0\u00bb{}\u00a0\u00bb][et_pb_row _builder_version=\u00a0\u00bb4.16&Prime; background_size=\u00a0\u00bbinitial\u00a0\u00bb background_position=\u00a0\u00bbtop_left\u00a0\u00bb background_repeat=\u00a0\u00bbrepeat\u00a0\u00bb min_height=\u00a0\u00bb919px\u00a0\u00bb custom_margin=\u00a0\u00bb-81px||||false|false\u00a0\u00bb global_colors_info=\u00a0\u00bb{}\u00a0\u00bb][et_pb_column type=\u00a0\u00bb4_4&Prime; _builder_version=\u00a0\u00bb4.16&Prime; custom_padding=\u00a0\u00bb|||\u00a0\u00bb global_colors_info=\u00a0\u00bb{}\u00a0\u00bb custom_padding__hover=\u00a0\u00bb|||\u00a0\u00bb][et_pb_image src=\u00a0\u00bbhttps:\/\/sallenelles.net\/wp-content\/uploads\/2025\/02\/Mairie-2024-1.jpg\u00a0\u00bb align=\u00a0\u00bbcenter\u00a0\u00bb _builder_version=\u00a0\u00bb4.27.4&Prime; width=\u00a0\u00bb75%\u00a0\u00bb hover_enabled=\u00a0\u00bb0&Prime; global_colors_info=\u00a0\u00bb{}\u00a0\u00bb title_text=\u00a0\u00bbMairie 2024&Prime; sticky_enabled=\u00a0\u00bb0&Prime;][\/et_pb_image][et_pb_text _builder_version=\u00a0\u00bb4.16&Prime; text_font=\u00a0\u00bbArial||||||||\u00a0\u00bb background_size=\u00a0\u00bbinitial\u00a0\u00bb background_position=\u00a0\u00bbtop_left\u00a0\u00bb background_repeat=\u00a0\u00bbrepeat\u00a0\u00bb custom_margin=\u00a0\u00bb21px||||false|false\u00a0\u00bb custom_padding=\u00a0\u00bb18px||||false|false\u00a0\u00bb global_colors_info=\u00a0\u00bb{}\u00a0\u00bb]<\/p>\n<p style=\"text-align: center;\"><span style=\"font-size: 14pt;\"><strong><span style=\"font-family: arial, helvetica, sans-serif; color: #000080;\">Secr\u00e9tariat de Mairie<\/span><\/strong><\/span><br \/> <span style=\"font-size: 12pt; color: #000080;\"> T\u00e9l\u00e9phone: 02 31 78 72 07\u00a0\u00a0\u00a0\u00a0\u00a0 <\/span><span style=\"color: #000080; font-size: 12pt;\">Mail : <a title=\"Linkificator: mailto:mairie.sallenelles@orange.fr\" href=\"mailto:mairie.sallenelles@orange.fr\" class=\"linkificator-ext\" rel=\"noreferrer\" style=\"color: #000080;\">mairie.sallenelles@orange.fr<\/a><strong><a title=\"Linkificator: mailto:mairie.sallenelles@orange.fr\" href=\"mailto:mairie.sallenelles@orange.fr\" class=\"linkificator-ext\" rel=\"noreferrer\" style=\"color: #000080;\"><\/a> <\/strong><\/span><\/p>\n<p style=\"text-align: center;\"><span style=\"font-size: 14pt;\"><strong><span style=\"color: #000080;\">Horaires d&rsquo;ouverture au public <\/span><\/strong><\/span><br \/> <span style=\"font-size: 12pt; color: #000080;\"> Mardi: 17h00 \u00e0 18h30<\/span><span style=\"font-size: 12pt; color: #000080;\">\u00a0\u00a0 Vendredi: 17h00 \u00e0 18h30<\/span><\/p>\n<p>[\/et_pb_text][et_pb_text _builder_version=\u00a0\u00bb4.16&Prime; text_font=\u00a0\u00bbArial||||||||\u00a0\u00bb text_font_size=\u00a0\u00bb17px\u00a0\u00bb custom_margin=\u00a0\u00bb-14px||\u00a0\u00bb custom_padding=\u00a0\u00bb21px||||false|false\u00a0\u00bb global_colors_info=\u00a0\u00bb{}\u00a0\u00bb]<\/p>\n<p style=\"text-align: center;\">Nous sommes \u00e0 la disposition de nos concitoyens,<br \/> n&rsquo;h\u00e9sitez pas \u00e0 nous contacter, c&rsquo;est avec plaisir que nous vous rencontrerons.<br \/> Pour une demande de rendez vous :\u00a0 <a href=\"https:\/\/sallenelles.net\/index.php\/contact\/\" target=\"_blank\" rel=\"noopener noreferrer\">Cliquez ici<span style=\"color: #000000;\">.<\/span><\/a><\/p>\n<p style=\"text-align: center;\">[\/et_pb_text][et_pb_text _builder_version=\u00a0\u00bb4.16&Prime; _module_preset=\u00a0\u00bbdefault\u00a0\u00bb text_font=\u00a0\u00bbArial||||||||\u00a0\u00bb text_text_color=\u00a0\u00bb#e02b20&Prime; text_font_size=\u00a0\u00bb18px\u00a0\u00bb custom_margin=\u00a0\u00bb-40px||||false|false\u00a0\u00bb global_colors_info=\u00a0\u00bb{}\u00a0\u00bb]<\/p>\n<p style=\"text-align: center;\"><span style=\"color: #333399;\">En cas d&rsquo;urgence vous pouvez contacter le Maire au num\u00e9ro<br \/> <strong>06 41 87 99 23<\/strong><\/span><\/p>\n<p>[\/et_pb_text][\/et_pb_column][\/et_pb_row][\/et_pb_section]<\/p>\n","protected":false},"excerpt":{"rendered":"<p>Secr\u00e9tariat de Mairie T\u00e9l\u00e9phone: 02 31 78 72 07\u00a0\u00a0\u00a0\u00a0\u00a0 Mail : mairie.sallenelles@orange.fr Horaires d&rsquo;ouverture au public Mardi: 17h00 \u00e0 18h30\u00a0\u00a0 Vendredi: 17h00 \u00e0 18h30Nous sommes \u00e0 la disposition de nos concitoyens, n&rsquo;h\u00e9sitez pas \u00e0 nous contacter, c&rsquo;est avec plaisir que nous vous rencontrerons. Pour une demande de rendez vous :\u00a0 Cliquez ici. En cas d&rsquo;urgence [&hellip;]<\/p>\n","protected":false},"author":1,"featured_media":0,"parent":0,"menu_order":0,"comment_status":"closed","ping_status":"closed","template":"","meta":{"_et_pb_use_builder":"on","_et_pb_old_content":"<p style=\"text-align: center;\"><span style=\"font-family: arial, helvetica, sans-serif; font-size: 14pt; color: #800000;\">Secr\u00e9tariat de Mairie:<\/span><br \/><span style=\"font-size: 12pt; color: #0000ff;\">T\u00e9l\u00e9phone: 02 31 78 72 07<\/span><br \/><span style=\"font-size: 12pt; color: #0000ff;\">Fax : 02 31 78 31 93 <\/span><br \/><strong><span style=\"color: #993300; font-size: 12pt;\"><span style=\"color: #ff6600;\"><span style=\"color: #000000;\">Mail :<\/span> mairie.sallenelles@orange.fr<\/span> <\/span><\/strong><\/p><p style=\"text-align: center;\"><span style=\"font-size: 14pt; color: #800000;\">Horaires d'ouverture au public <\/span><br \/><span style=\"font-size: 12pt; color: #0000ff;\">Mardi: 17h00 \u00e0 18h30<\/span><br \/><span style=\"font-size: 12pt; color: #0000ff;\">Vendredi: 17h00 \u00e0 18h30<\/span><\/p>","_et_gb_content_width":"","_monsterinsights_skip_tracking":false,"_monsterinsights_sitenote_active":false,"_monsterinsights_sitenote_note":"","_monsterinsights_sitenote_category":0,"footnotes":""},"class_list":["post-29","page","type-page","status-publish","hentry"],"yoast_head":"<!-- This site is optimized with the Yoast SEO plugin v27.4 - https:\/\/yoast.com\/product\/yoast-seo-wordpress\/ -->\n<title>La Mairie - Mairie de Sallenelles<\/title>\n<meta name=\"robots\" content=\"index, follow, max-snippet:-1, max-image-preview:large, max-video-preview:-1\" \/>\n<link rel=\"canonical\" href=\"https:\/\/sallenelles.net\/index.php\/la-mairie\/\" \/>\n<meta property=\"og:locale\" content=\"fr_FR\" \/>\n<meta property=\"og:type\" content=\"article\" \/>\n<meta property=\"og:title\" content=\"La Mairie - Mairie de Sallenelles\" \/>\n<meta property=\"og:description\" content=\"Secr\u00e9tariat de Mairie T\u00e9l\u00e9phone: 02 31 78 72 07\u00a0\u00a0\u00a0\u00a0\u00a0 Mail : mairie.sallenelles@orange.fr Horaires d&#039;ouverture au public Mardi: 17h00 \u00e0 18h30\u00a0\u00a0 Vendredi: 17h00 \u00e0 18h30Nous sommes \u00e0 la disposition de nos concitoyens, n&#039;h\u00e9sitez pas \u00e0 nous contacter, c&#039;est avec plaisir que nous vous rencontrerons. Pour une demande de rendez vous :\u00a0 Cliquez ici. En cas d&#039;urgence [&hellip;]\" \/>\n<meta property=\"og:url\" content=\"https:\/\/sallenelles.net\/index.php\/la-mairie\/\" \/>\n<meta property=\"og:site_name\" content=\"Mairie de Sallenelles\" \/>\n<meta property=\"article:modified_time\" content=\"2025-02-16T15:04:51+00:00\" \/>\n<meta name=\"twitter:card\" content=\"summary_large_image\" \/>\n<meta name=\"twitter:label1\" content=\"Dur\u00e9e de lecture estim\u00e9e\" \/>\n\t<meta name=\"twitter:data1\" content=\"1 minute\" \/>\n<script type=\"application\/ld+json\" class=\"yoast-schema-graph\">{\"@context\":\"https:\\\/\\\/schema.org\",\"@graph\":[{\"@type\":\"WebPage\",\"@id\":\"https:\\\/\\\/sallenelles.net\\\/index.php\\\/la-mairie\\\/\",\"url\":\"https:\\\/\\\/sallenelles.net\\\/index.php\\\/la-mairie\\\/\",\"name\":\"La Mairie - Mairie de Sallenelles\",\"isPartOf\":{\"@id\":\"https:\\\/\\\/sallenelles.net\\\/#website\"},\"datePublished\":\"2019-07-17T08:03:18+00:00\",\"dateModified\":\"2025-02-16T15:04:51+00:00\",\"breadcrumb\":{\"@id\":\"https:\\\/\\\/sallenelles.net\\\/index.php\\\/la-mairie\\\/#breadcrumb\"},\"inLanguage\":\"fr-FR\",\"potentialAction\":[{\"@type\":\"ReadAction\",\"target\":[\"https:\\\/\\\/sallenelles.net\\\/index.php\\\/la-mairie\\\/\"]}]},{\"@type\":\"BreadcrumbList\",\"@id\":\"https:\\\/\\\/sallenelles.net\\\/index.php\\\/la-mairie\\\/#breadcrumb\",\"itemListElement\":[{\"@type\":\"ListItem\",\"position\":1,\"name\":\"Accueil\",\"item\":\"https:\\\/\\\/sallenelles.net\\\/\"},{\"@type\":\"ListItem\",\"position\":2,\"name\":\"La Mairie\"}]},{\"@type\":\"WebSite\",\"@id\":\"https:\\\/\\\/sallenelles.net\\\/#website\",\"url\":\"https:\\\/\\\/sallenelles.net\\\/\",\"name\":\"Mairie de Sallenelles\",\"description\":\"La Vie de la Commune\",\"publisher\":{\"@id\":\"https:\\\/\\\/sallenelles.net\\\/#organization\"},\"potentialAction\":[{\"@type\":\"SearchAction\",\"target\":{\"@type\":\"EntryPoint\",\"urlTemplate\":\"https:\\\/\\\/sallenelles.net\\\/?s={search_term_string}\"},\"query-input\":{\"@type\":\"PropertyValueSpecification\",\"valueRequired\":true,\"valueName\":\"search_term_string\"}}],\"inLanguage\":\"fr-FR\"},{\"@type\":\"Organization\",\"@id\":\"https:\\\/\\\/sallenelles.net\\\/#organization\",\"name\":\"Mairie de Sallenelles\",\"url\":\"https:\\\/\\\/sallenelles.net\\\/\",\"logo\":{\"@type\":\"ImageObject\",\"inLanguage\":\"fr-FR\",\"@id\":\"https:\\\/\\\/sallenelles.net\\\/#\\\/schema\\\/logo\\\/image\\\/\",\"url\":\"https:\\\/\\\/sallenelles.net\\\/wp-content\\\/uploads\\\/2021\\\/04\\\/cropped-blason-sallenelles.jpg\",\"contentUrl\":\"https:\\\/\\\/sallenelles.net\\\/wp-content\\\/uploads\\\/2021\\\/04\\\/cropped-blason-sallenelles.jpg\",\"width\":512,\"height\":512,\"caption\":\"Mairie de Sallenelles\"},\"image\":{\"@id\":\"https:\\\/\\\/sallenelles.net\\\/#\\\/schema\\\/logo\\\/image\\\/\"}}]}<\/script>\n<!-- \/ Yoast SEO plugin. -->","yoast_head_json":{"title":"La Mairie - Mairie de Sallenelles","robots":{"index":"index","follow":"follow","max-snippet":"max-snippet:-1","max-image-preview":"max-image-preview:large","max-video-preview":"max-video-preview:-1"},"canonical":"https:\/\/sallenelles.net\/index.php\/la-mairie\/","og_locale":"fr_FR","og_type":"article","og_title":"La Mairie - Mairie de Sallenelles","og_description":"Secr\u00e9tariat de Mairie T\u00e9l\u00e9phone: 02 31 78 72 07\u00a0\u00a0\u00a0\u00a0\u00a0 Mail : mairie.sallenelles@orange.fr Horaires d'ouverture au public Mardi: 17h00 \u00e0 18h30\u00a0\u00a0 Vendredi: 17h00 \u00e0 18h30Nous sommes \u00e0 la disposition de nos concitoyens, n'h\u00e9sitez pas \u00e0 nous contacter, c'est avec plaisir que nous vous rencontrerons. Pour une demande de rendez vous :\u00a0 Cliquez ici. En cas d'urgence [&hellip;]","og_url":"https:\/\/sallenelles.net\/index.php\/la-mairie\/","og_site_name":"Mairie de Sallenelles","article_modified_time":"2025-02-16T15:04:51+00:00","twitter_card":"summary_large_image","twitter_misc":{"Dur\u00e9e de lecture estim\u00e9e":"1 minute"},"schema":{"@context":"https:\/\/schema.org","@graph":[{"@type":"WebPage","@id":"https:\/\/sallenelles.net\/index.php\/la-mairie\/","url":"https:\/\/sallenelles.net\/index.php\/la-mairie\/","name":"La Mairie - Mairie de Sallenelles","isPartOf":{"@id":"https:\/\/sallenelles.net\/#website"},"datePublished":"2019-07-17T08:03:18+00:00","dateModified":"2025-02-16T15:04:51+00:00","breadcrumb":{"@id":"https:\/\/sallenelles.net\/index.php\/la-mairie\/#breadcrumb"},"inLanguage":"fr-FR","potentialAction":[{"@type":"ReadAction","target":["https:\/\/sallenelles.net\/index.php\/la-mairie\/"]}]},{"@type":"BreadcrumbList","@id":"https:\/\/sallenelles.net\/index.php\/la-mairie\/#breadcrumb","itemListElement":[{"@type":"ListItem","position":1,"name":"Accueil","item":"https:\/\/sallenelles.net\/"},{"@type":"ListItem","position":2,"name":"La Mairie"}]},{"@type":"WebSite","@id":"https:\/\/sallenelles.net\/#website","url":"https:\/\/sallenelles.net\/","name":"Mairie de Sallenelles","description":"La Vie de la Commune","publisher":{"@id":"https:\/\/sallenelles.net\/#organization"},"potentialAction":[{"@type":"SearchAction","target":{"@type":"EntryPoint","urlTemplate":"https:\/\/sallenelles.net\/?s={search_term_string}"},"query-input":{"@type":"PropertyValueSpecification","valueRequired":true,"valueName":"search_term_string"}}],"inLanguage":"fr-FR"},{"@type":"Organization","@id":"https:\/\/sallenelles.net\/#organization","name":"Mairie de Sallenelles","url":"https:\/\/sallenelles.net\/","logo":{"@type":"ImageObject","inLanguage":"fr-FR","@id":"https:\/\/sallenelles.net\/#\/schema\/logo\/image\/","url":"https:\/\/sallenelles.net\/wp-content\/uploads\/2021\/04\/cropped-blason-sallenelles.jpg","contentUrl":"https:\/\/sallenelles.net\/wp-content\/uploads\/2021\/04\/cropped-blason-sallenelles.jpg","width":512,"height":512,"caption":"Mairie de Sallenelles"},"image":{"@id":"https:\/\/sallenelles.net\/#\/schema\/logo\/image\/"}}]}},"_links":{"self":[{"href":"https:\/\/sallenelles.net\/index.php\/wp-json\/wp\/v2\/pages\/29","targetHints":{"allow":["GET"]}}],"collection":[{"href":"https:\/\/sallenelles.net\/index.php\/wp-json\/wp\/v2\/pages"}],"about":[{"href":"https:\/\/sallenelles.net\/index.php\/wp-json\/wp\/v2\/types\/page"}],"author":[{"embeddable":true,"href":"https:\/\/sallenelles.net\/index.php\/wp-json\/wp\/v2\/users\/1"}],"replies":[{"embeddable":true,"href":"https:\/\/sallenelles.net\/index.php\/wp-json\/wp\/v2\/comments?post=29"}],"version-history":[{"count":25,"href":"https:\/\/sallenelles.net\/index.php\/wp-json\/wp\/v2\/pages\/29\/revisions"}],"predecessor-version":[{"id":1670,"href":"https:\/\/sallenelles.net\/index.php\/wp-json\/wp\/v2\/pages\/29\/revisions\/1670"}],"wp:attachment":[{"href":"https:\/\/sallenelles.net\/index.php\/wp-json\/wp\/v2\/media?parent=29"}],"curies":[{"name":"wp","href":"https:\/\/api.w.org\/{rel}","templated":true}]}}