{"id":411,"date":"2019-08-05T14:51:44","date_gmt":"2019-08-05T14:51:44","guid":{"rendered":"https:\/\/sallenelles.net\/?page_id=411"},"modified":"2021-03-08T10:57:00","modified_gmt":"2021-03-08T10:57:00","slug":"mentions-legales","status":"publish","type":"page","link":"https:\/\/sallenelles.net\/index.php\/mentions-legales\/","title":{"rendered":"Mentions l\u00e9gales"},"content":{"rendered":"<p>[et_pb_section fb_built=\u00a0\u00bb1&Prime; admin_label=\u00a0\u00bbsection\u00a0\u00bb _builder_version=\u00a0\u00bb3.22&Prime;][et_pb_row admin_label=\u00a0\u00bbrow\u00a0\u00bb _builder_version=\u00a0\u00bb3.25&Prime; background_size=\u00a0\u00bbinitial\u00a0\u00bb background_position=\u00a0\u00bbtop_left\u00a0\u00bb background_repeat=\u00a0\u00bbrepeat\u00a0\u00bb][et_pb_column type=\u00a0\u00bb4_4&Prime; _builder_version=\u00a0\u00bb3.25&Prime; custom_padding=\u00a0\u00bb|||\u00a0\u00bb custom_padding__hover=\u00a0\u00bb|||\u00a0\u00bb][et_pb_text admin_label=\u00a0\u00bbText\u00a0\u00bb _builder_version=\u00a0\u00bb4.9.1&Prime; background_size=\u00a0\u00bbinitial\u00a0\u00bb background_position=\u00a0\u00bbtop_left\u00a0\u00bb background_repeat=\u00a0\u00bbrepeat\u00a0\u00bb hover_enabled=\u00a0\u00bb0&Prime; sticky_enabled=\u00a0\u00bb0&Prime;]<\/p>\n<p><strong>Ce site Internet est la propri\u00e9t\u00e9 de la Mairie de Sallenelles<\/strong><\/p>\n<p>29 Rue Andr\u00e9 Pierre Marie, 14121 Sallenelles<br \/><span id=\"et-info-phone\">\u200e02 31 78 72 07 <\/span><a href=\"mailto:info@sallenelles.net\"><span id=\"et-info-email\">info@sallenelles.net<\/span><\/a><\/p>\n<p>Webmestre : Monsieur<strong> Laurent Lemarchand\u00a0Maire<\/strong><\/p>\n<p><strong>Propri\u00e9t\u00e9s :<\/strong><\/p>\n<p>Charte Graphique : <strong>Mairie de Sallenelles<\/strong><br \/>Contenu :<strong> Mairie de Sallenelles<\/strong><br \/>Cr\u00e9dits images : <strong>Mairie de Sallenelles<\/strong><\/p>\n<p>Conception, Cr\u00e9ation <a href=\"https:\/\/lcvnet.fr\/\" target=\"_blank\" rel=\"noopener noreferrer\">LCVNET<\/a><br \/>23, rue de Bretagne<br \/>14000 Caen<\/p>\n<p>H\u00e9bergement : <a href=\"https:\/\/lcvnet.fr\/index.php\/hebergement\/\">LCVNET<\/a><\/p>\n<p>&nbsp;<\/p>\n<p>[\/et_pb_text][\/et_pb_column][\/et_pb_row][\/et_pb_section]<\/p>\n","protected":false},"excerpt":{"rendered":"<p>Ce site Internet est la propri\u00e9t\u00e9 de la Mairie de Sallenelles 29 Rue Andr\u00e9 Pierre Marie, 14121 Sallenelles\u200e02 31 78 72 07 info@sallenelles.net Webmestre : Monsieur Laurent Lemarchand\u00a0Maire Propri\u00e9t\u00e9s : Charte Graphique : Mairie de SallenellesContenu : Mairie de SallenellesCr\u00e9dits images : Mairie de Sallenelles Conception, Cr\u00e9ation LCVNET23, rue de Bretagne14000 Caen H\u00e9bergement : LCVNET [&hellip;]<\/p>\n","protected":false},"author":1,"featured_media":0,"parent":0,"menu_order":0,"comment_status":"closed","ping_status":"closed","template":"","meta":{"_et_pb_use_builder":"on","_et_pb_old_content":"<strong>Ce site Internet est la propri\u00e9t\u00e9 de la Mairie de Sallenelles<\/strong>\r\n\r\n29 Rue Andr\u00e9 Pierre Marie, 14121 Sallenelles\r\n<span id=\"et-info-phone\">\u200e02 31 78 72 07 <\/span><a href=\"mailto:info@sallenelles.net\"><span id=\"et-info-email\">info@sallenelles.net<\/span><\/a>\r\n\r\nWebmestre : Monsieur <strong>Jean Louis GREFFIN Maire<\/strong>\r\n\r\n<strong>Propri\u00e9t\u00e9s :<\/strong>\r\n\r\nCharte Graphique : <strong>Mairie de Sallenelles<\/strong>\r\nContenu :<strong> Mairie de Sallenelles<\/strong>\r\nCr\u00e9dits images : <strong>Mairie de Sallenelles<\/strong>\r\n\r\nConception, Cr\u00e9ation h\u00e9bergement <a href=\"https:\/\/www.lcvnet.biz\/\" target=\"_blank\" rel=\"noopener noreferrer\">LCVNET<\/a>\r\n23, rue de Bretagne\r\n14000 Caen\r\n\r\n\u00a0","_et_gb_content_width":"","_monsterinsights_skip_tracking":false,"_monsterinsights_sitenote_active":false,"_monsterinsights_sitenote_note":"","_monsterinsights_sitenote_category":0,"footnotes":""},"class_list":["post-411","page","type-page","status-publish","hentry"],"yoast_head":"<!-- This site is optimized with the Yoast SEO plugin v27.4 - https:\/\/yoast.com\/product\/yoast-seo-wordpress\/ -->\n<title>Mentions l\u00e9gales - Mairie de Sallenelles<\/title>\n<meta name=\"robots\" content=\"index, follow, max-snippet:-1, max-image-preview:large, max-video-preview:-1\" \/>\n<link rel=\"canonical\" href=\"https:\/\/sallenelles.net\/index.php\/mentions-legales\/\" \/>\n<meta property=\"og:locale\" content=\"fr_FR\" \/>\n<meta property=\"og:type\" content=\"article\" \/>\n<meta property=\"og:title\" content=\"Mentions l\u00e9gales - Mairie de Sallenelles\" \/>\n<meta property=\"og:description\" content=\"Ce site Internet est la propri\u00e9t\u00e9 de la Mairie de Sallenelles 29 Rue Andr\u00e9 Pierre Marie, 14121 Sallenelles\u200e02 31 78 72 07 info@sallenelles.net Webmestre : Monsieur Laurent Lemarchand\u00a0Maire Propri\u00e9t\u00e9s : Charte Graphique : Mairie de SallenellesContenu : Mairie de SallenellesCr\u00e9dits images : Mairie de Sallenelles Conception, Cr\u00e9ation LCVNET23, rue de Bretagne14000 Caen H\u00e9bergement : LCVNET [&hellip;]\" \/>\n<meta property=\"og:url\" content=\"https:\/\/sallenelles.net\/index.php\/mentions-legales\/\" \/>\n<meta property=\"og:site_name\" content=\"Mairie de Sallenelles\" \/>\n<meta property=\"article:modified_time\" content=\"2021-03-08T10:57:00+00:00\" \/>\n<meta name=\"twitter:card\" content=\"summary_large_image\" \/>\n<meta name=\"twitter:label1\" content=\"Dur\u00e9e de lecture estim\u00e9e\" \/>\n\t<meta name=\"twitter:data1\" content=\"1 minute\" \/>\n<script type=\"application\/ld+json\" class=\"yoast-schema-graph\">{\"@context\":\"https:\\\/\\\/schema.org\",\"@graph\":[{\"@type\":\"WebPage\",\"@id\":\"https:\\\/\\\/sallenelles.net\\\/index.php\\\/mentions-legales\\\/\",\"url\":\"https:\\\/\\\/sallenelles.net\\\/index.php\\\/mentions-legales\\\/\",\"name\":\"Mentions l\u00e9gales - Mairie de Sallenelles\",\"isPartOf\":{\"@id\":\"https:\\\/\\\/sallenelles.net\\\/#website\"},\"datePublished\":\"2019-08-05T14:51:44+00:00\",\"dateModified\":\"2021-03-08T10:57:00+00:00\",\"breadcrumb\":{\"@id\":\"https:\\\/\\\/sallenelles.net\\\/index.php\\\/mentions-legales\\\/#breadcrumb\"},\"inLanguage\":\"fr-FR\",\"potentialAction\":[{\"@type\":\"ReadAction\",\"target\":[\"https:\\\/\\\/sallenelles.net\\\/index.php\\\/mentions-legales\\\/\"]}]},{\"@type\":\"BreadcrumbList\",\"@id\":\"https:\\\/\\\/sallenelles.net\\\/index.php\\\/mentions-legales\\\/#breadcrumb\",\"itemListElement\":[{\"@type\":\"ListItem\",\"position\":1,\"name\":\"Accueil\",\"item\":\"https:\\\/\\\/sallenelles.net\\\/\"},{\"@type\":\"ListItem\",\"position\":2,\"name\":\"Mentions l\u00e9gales\"}]},{\"@type\":\"WebSite\",\"@id\":\"https:\\\/\\\/sallenelles.net\\\/#website\",\"url\":\"https:\\\/\\\/sallenelles.net\\\/\",\"name\":\"Mairie de Sallenelles\",\"description\":\"La Vie de la Commune\",\"publisher\":{\"@id\":\"https:\\\/\\\/sallenelles.net\\\/#organization\"},\"potentialAction\":[{\"@type\":\"SearchAction\",\"target\":{\"@type\":\"EntryPoint\",\"urlTemplate\":\"https:\\\/\\\/sallenelles.net\\\/?s={search_term_string}\"},\"query-input\":{\"@type\":\"PropertyValueSpecification\",\"valueRequired\":true,\"valueName\":\"search_term_string\"}}],\"inLanguage\":\"fr-FR\"},{\"@type\":\"Organization\",\"@id\":\"https:\\\/\\\/sallenelles.net\\\/#organization\",\"name\":\"Mairie de Sallenelles\",\"url\":\"https:\\\/\\\/sallenelles.net\\\/\",\"logo\":{\"@type\":\"ImageObject\",\"inLanguage\":\"fr-FR\",\"@id\":\"https:\\\/\\\/sallenelles.net\\\/#\\\/schema\\\/logo\\\/image\\\/\",\"url\":\"https:\\\/\\\/sallenelles.net\\\/wp-content\\\/uploads\\\/2021\\\/04\\\/cropped-blason-sallenelles.jpg\",\"contentUrl\":\"https:\\\/\\\/sallenelles.net\\\/wp-content\\\/uploads\\\/2021\\\/04\\\/cropped-blason-sallenelles.jpg\",\"width\":512,\"height\":512,\"caption\":\"Mairie de Sallenelles\"},\"image\":{\"@id\":\"https:\\\/\\\/sallenelles.net\\\/#\\\/schema\\\/logo\\\/image\\\/\"}}]}<\/script>\n<!-- \/ Yoast SEO plugin. -->","yoast_head_json":{"title":"Mentions l\u00e9gales - Mairie de Sallenelles","robots":{"index":"index","follow":"follow","max-snippet":"max-snippet:-1","max-image-preview":"max-image-preview:large","max-video-preview":"max-video-preview:-1"},"canonical":"https:\/\/sallenelles.net\/index.php\/mentions-legales\/","og_locale":"fr_FR","og_type":"article","og_title":"Mentions l\u00e9gales - Mairie de Sallenelles","og_description":"Ce site Internet est la propri\u00e9t\u00e9 de la Mairie de Sallenelles 29 Rue Andr\u00e9 Pierre Marie, 14121 Sallenelles\u200e02 31 78 72 07 info@sallenelles.net Webmestre : Monsieur Laurent Lemarchand\u00a0Maire Propri\u00e9t\u00e9s : Charte Graphique : Mairie de SallenellesContenu : Mairie de SallenellesCr\u00e9dits images : Mairie de Sallenelles Conception, Cr\u00e9ation LCVNET23, rue de Bretagne14000 Caen H\u00e9bergement : LCVNET [&hellip;]","og_url":"https:\/\/sallenelles.net\/index.php\/mentions-legales\/","og_site_name":"Mairie de Sallenelles","article_modified_time":"2021-03-08T10:57:00+00:00","twitter_card":"summary_large_image","twitter_misc":{"Dur\u00e9e de lecture estim\u00e9e":"1 minute"},"schema":{"@context":"https:\/\/schema.org","@graph":[{"@type":"WebPage","@id":"https:\/\/sallenelles.net\/index.php\/mentions-legales\/","url":"https:\/\/sallenelles.net\/index.php\/mentions-legales\/","name":"Mentions l\u00e9gales - Mairie de Sallenelles","isPartOf":{"@id":"https:\/\/sallenelles.net\/#website"},"datePublished":"2019-08-05T14:51:44+00:00","dateModified":"2021-03-08T10:57:00+00:00","breadcrumb":{"@id":"https:\/\/sallenelles.net\/index.php\/mentions-legales\/#breadcrumb"},"inLanguage":"fr-FR","potentialAction":[{"@type":"ReadAction","target":["https:\/\/sallenelles.net\/index.php\/mentions-legales\/"]}]},{"@type":"BreadcrumbList","@id":"https:\/\/sallenelles.net\/index.php\/mentions-legales\/#breadcrumb","itemListElement":[{"@type":"ListItem","position":1,"name":"Accueil","item":"https:\/\/sallenelles.net\/"},{"@type":"ListItem","position":2,"name":"Mentions l\u00e9gales"}]},{"@type":"WebSite","@id":"https:\/\/sallenelles.net\/#website","url":"https:\/\/sallenelles.net\/","name":"Mairie de Sallenelles","description":"La Vie de la Commune","publisher":{"@id":"https:\/\/sallenelles.net\/#organization"},"potentialAction":[{"@type":"SearchAction","target":{"@type":"EntryPoint","urlTemplate":"https:\/\/sallenelles.net\/?s={search_term_string}"},"query-input":{"@type":"PropertyValueSpecification","valueRequired":true,"valueName":"search_term_string"}}],"inLanguage":"fr-FR"},{"@type":"Organization","@id":"https:\/\/sallenelles.net\/#organization","name":"Mairie de Sallenelles","url":"https:\/\/sallenelles.net\/","logo":{"@type":"ImageObject","inLanguage":"fr-FR","@id":"https:\/\/sallenelles.net\/#\/schema\/logo\/image\/","url":"https:\/\/sallenelles.net\/wp-content\/uploads\/2021\/04\/cropped-blason-sallenelles.jpg","contentUrl":"https:\/\/sallenelles.net\/wp-content\/uploads\/2021\/04\/cropped-blason-sallenelles.jpg","width":512,"height":512,"caption":"Mairie de Sallenelles"},"image":{"@id":"https:\/\/sallenelles.net\/#\/schema\/logo\/image\/"}}]}},"_links":{"self":[{"href":"https:\/\/sallenelles.net\/index.php\/wp-json\/wp\/v2\/pages\/411","targetHints":{"allow":["GET"]}}],"collection":[{"href":"https:\/\/sallenelles.net\/index.php\/wp-json\/wp\/v2\/pages"}],"about":[{"href":"https:\/\/sallenelles.net\/index.php\/wp-json\/wp\/v2\/types\/page"}],"author":[{"embeddable":true,"href":"https:\/\/sallenelles.net\/index.php\/wp-json\/wp\/v2\/users\/1"}],"replies":[{"embeddable":true,"href":"https:\/\/sallenelles.net\/index.php\/wp-json\/wp\/v2\/comments?post=411"}],"version-history":[{"count":5,"href":"https:\/\/sallenelles.net\/index.php\/wp-json\/wp\/v2\/pages\/411\/revisions"}],"predecessor-version":[{"id":1276,"href":"https:\/\/sallenelles.net\/index.php\/wp-json\/wp\/v2\/pages\/411\/revisions\/1276"}],"wp:attachment":[{"href":"https:\/\/sallenelles.net\/index.php\/wp-json\/wp\/v2\/media?parent=411"}],"curies":[{"name":"wp","href":"https:\/\/api.w.org\/{rel}","templated":true}]}}