{"id":895,"date":"2020-10-02T13:52:17","date_gmt":"2020-10-02T13:52:17","guid":{"rendered":"https:\/\/sallenelles.net\/?page_id=895"},"modified":"2025-03-31T15:29:58","modified_gmt":"2025-03-31T15:29:58","slug":"salle-des-fetes","status":"publish","type":"page","link":"https:\/\/sallenelles.net\/index.php\/salle-des-fetes\/","title":{"rendered":"Salle des F\u00eates"},"content":{"rendered":"<p>[et_pb_section fb_built=\u00a0\u00bb1&Prime; _builder_version=\u00a0\u00bb4.16&Prime; _module_preset=\u00a0\u00bbdefault\u00a0\u00bb custom_padding=\u00a0\u00bb||51px|||\u00a0\u00bb global_colors_info=\u00a0\u00bb{}\u00a0\u00bb][et_pb_row _builder_version=\u00a0\u00bb4.16&Prime; _module_preset=\u00a0\u00bbdefault\u00a0\u00bb global_colors_info=\u00a0\u00bb{}\u00a0\u00bb][et_pb_column type=\u00a0\u00bb4_4&Prime; _builder_version=\u00a0\u00bb4.16&Prime; _module_preset=\u00a0\u00bbdefault\u00a0\u00bb global_colors_info=\u00a0\u00bb{}\u00a0\u00bb][et_pb_text _builder_version=\u00a0\u00bb4.16&Prime; _module_preset=\u00a0\u00bbdefault\u00a0\u00bb text_font=\u00a0\u00bbArial||||||||\u00a0\u00bb text_font_size=\u00a0\u00bb24px\u00a0\u00bb global_colors_info=\u00a0\u00bb{}\u00a0\u00bb]<\/p>\n<p style=\"text-align: center;\"><span style=\"color: #000080;\"><strong>LOCATION DE LA SALLE DES F\u00caTES<br \/><\/strong><\/span><\/p>\n<p>[\/et_pb_text][et_pb_text _builder_version=\u00a0\u00bb4.27.4&Prime; _module_preset=\u00a0\u00bbdefault\u00a0\u00bb text_font=\u00a0\u00bbArial||||||||\u00a0\u00bb text_font_size=\u00a0\u00bb18px\u00a0\u00bb hover_enabled=\u00a0\u00bb0&Prime; global_colors_info=\u00a0\u00bb{}\u00a0\u00bb sticky_enabled=\u00a0\u00bb0&Prime;]<\/p>\n<p>La commune de Sallenelles met la salle des f\u00eates de la commune \u00e0 la disposition des Sallenellais et des non-Sallenellais.<\/p>\n<p>Cette salle permet d&rsquo;accueillir 49 personnes. Elle dispose d&rsquo;un coin cuisine \u00e9quip\u00e9 d&rsquo;une cuisini\u00e8re \u00e9lectrique, d&rsquo;un r\u00e9frig\u00e9rateur, d&rsquo;un four micro-ondes, d&rsquo;une cafeti\u00e8re, de la vaisselle pour 49 personnes et d&rsquo;un lave-vaisselle.<\/p>\n<p>Effectuez votre demande de r\u00e9servation aupr\u00e8s de la mairie au 02 31 78 72 07.<\/p>\n<p>Caution : 500\u20ac<\/p>\n<p><a href=\"https:\/\/sallenelles.net\/wp-content\/uploads\/2025\/03\/REGLEMENT-SDF.pdf\" rel=\"attachment wp-att-1701\">R\u00e9glement Salle des f\u00eates<\/a><\/p>\n<p>[\/et_pb_text][\/et_pb_column][\/et_pb_row][et_pb_row column_structure=\u00a0\u00bb1_3,1_3,1_3&Prime; _builder_version=\u00a0\u00bb4.16&Prime; _module_preset=\u00a0\u00bbdefault\u00a0\u00bb global_colors_info=\u00a0\u00bb{}\u00a0\u00bb][et_pb_column type=\u00a0\u00bb1_3&Prime; _builder_version=\u00a0\u00bb4.16&Prime; _module_preset=\u00a0\u00bbdefault\u00a0\u00bb global_colors_info=\u00a0\u00bb{}\u00a0\u00bb][et_pb_text _builder_version=\u00a0\u00bb4.27.4&Prime; _module_preset=\u00a0\u00bbdefault\u00a0\u00bb custom_padding=\u00a0\u00bb||0px|||\u00a0\u00bb global_colors_info=\u00a0\u00bb{}\u00a0\u00bb]<\/p>\n<p><strong>Tarifs (D\u00e9lib\u00e9ration 2025-3)<br \/><\/strong><\/p>\n<p>[\/et_pb_text][et_pb_text _builder_version=\u00a0\u00bb4.27.4&Prime; _module_preset=\u00a0\u00bbdefault\u00a0\u00bb global_colors_info=\u00a0\u00bb{}\u00a0\u00bb]<\/p>\n<p><span style=\"color: #000000;\">Week-end du 1\/10 au 30\/04 (1)<br \/><\/span><\/p>\n<p>[\/et_pb_text][et_pb_text _builder_version=\u00a0\u00bb4.27.4&Prime; _module_preset=\u00a0\u00bbdefault\u00a0\u00bb global_colors_info=\u00a0\u00bb{}\u00a0\u00bb]<\/p>\n<p><span style=\"color: #000000;\">Journ\u00e9e du 01\/10 au 30\/04 (1)<br \/><\/span><\/p>\n<p>[\/et_pb_text][et_pb_text _builder_version=\u00a0\u00bb4.27.4&Prime; _module_preset=\u00a0\u00bbdefault\u00a0\u00bb global_colors_info=\u00a0\u00bb{}\u00a0\u00bb]<\/p>\n<p><span style=\"color: #000000;\">Assembl\u00e9e g\u00e9n\u00e9rale, Pot du 01\/10 au 30\/04 (1)<br \/><\/span><\/p>\n<p>[\/et_pb_text][et_pb_text _builder_version=\u00a0\u00bb4.27.4&Prime; _module_preset=\u00a0\u00bbdefault\u00a0\u00bb global_colors_info=\u00a0\u00bb{}\u00a0\u00bb]<\/p>\n<p><span style=\"color: #000000;\">Week-end du\u00a0 01\/05 au 31\/10<br \/><\/span><\/p>\n<p>[\/et_pb_text][et_pb_text _builder_version=\u00a0\u00bb4.27.4&Prime; _module_preset=\u00a0\u00bbdefault\u00a0\u00bb global_colors_info=\u00a0\u00bb{}\u00a0\u00bb]<\/p>\n<p><span style=\"color: #000000;\">Journ\u00e9e du\u00a0 01\/05 au 31\/10<br \/><\/span><\/p>\n<p>[\/et_pb_text][et_pb_text _builder_version=\u00a0\u00bb4.27.4&Prime; _module_preset=\u00a0\u00bbdefault\u00a0\u00bb global_colors_info=\u00a0\u00bb{}\u00a0\u00bb]<\/p>\n<p><span style=\"color: #000000;\">Assembl\u00e9 g\u00e9n\u00e9rale du 01\/05 au 31\/10, Pot<br \/><\/span><\/p>\n<p>[\/et_pb_text][et_pb_text _builder_version=\u00a0\u00bb4.24.0&Prime; _module_preset=\u00a0\u00bbdefault\u00a0\u00bb global_colors_info=\u00a0\u00bb{}\u00a0\u00bb]<\/p>\n<p><span style=\"color: #000000;\">(1) Les tarifs en p\u00e9riode hivernale ont \u00e9t\u00e9 major\u00e9s pour tenir compte de la hausse des prix de l&rsquo;\u00e9nergie.<br \/><\/span><\/p>\n<p>[\/et_pb_text][\/et_pb_column][et_pb_column type=\u00a0\u00bb1_3&Prime; _builder_version=\u00a0\u00bb4.16&Prime; _module_preset=\u00a0\u00bbdefault\u00a0\u00bb global_colors_info=\u00a0\u00bb{}\u00a0\u00bb][et_pb_text _builder_version=\u00a0\u00bb4.27.4&Prime; _module_preset=\u00a0\u00bbdefault\u00a0\u00bb global_colors_info=\u00a0\u00bb{}\u00a0\u00bb]<\/p>\n<p><strong>Sallenellais<\/strong><\/p>\n<p>[\/et_pb_text][et_pb_text _builder_version=\u00a0\u00bb4.27.4&Prime; _module_preset=\u00a0\u00bbdefault\u00a0\u00bb global_colors_info=\u00a0\u00bb{}\u00a0\u00bb]<\/p>\n<p><span style=\"color: #000000;\">275 \u20ac<\/span><\/p>\n<p>[\/et_pb_text][et_pb_text _builder_version=\u00a0\u00bb4.27.4&Prime; _module_preset=\u00a0\u00bbdefault\u00a0\u00bb custom_padding=\u00a0\u00bb||0px|||\u00a0\u00bb global_colors_info=\u00a0\u00bb{}\u00a0\u00bb]<\/p>\n<p><span style=\"color: #000000;\">132 \u20ac<\/span><\/p>\n<p>[\/et_pb_text][et_pb_text _builder_version=\u00a0\u00bb4.27.4&Prime; _module_preset=\u00a0\u00bbdefault\u00a0\u00bb custom_padding=\u00a0\u00bb||0px|||\u00a0\u00bb global_colors_info=\u00a0\u00bb{}\u00a0\u00bb]<\/p>\n<p><span style=\"color: #000000;\">55 \u20ac<\/span><\/p>\n<p>[\/et_pb_text][et_pb_text _builder_version=\u00a0\u00bb4.27.4&Prime; _module_preset=\u00a0\u00bbdefault\u00a0\u00bb global_colors_info=\u00a0\u00bb{}\u00a0\u00bb]<\/p>\n<p><span style=\"color: #000000;\">220 \u20ac<\/span><\/p>\n<p>[\/et_pb_text][et_pb_text _builder_version=\u00a0\u00bb4.24.0&Prime; _module_preset=\u00a0\u00bbdefault\u00a0\u00bb global_colors_info=\u00a0\u00bb{}\u00a0\u00bb]<\/p>\n<p><span style=\"color: #000000;\">110 \u20ac<\/span><\/p>\n<p>[\/et_pb_text][et_pb_text _builder_version=\u00a0\u00bb4.27.4&Prime; _module_preset=\u00a0\u00bbdefault\u00a0\u00bb custom_padding=\u00a0\u00bb||0px|||\u00a0\u00bb global_colors_info=\u00a0\u00bb{}\u00a0\u00bb]<\/p>\n<p><span style=\"color: #000000;\">55 \u20ac<\/span><\/p>\n<p>[\/et_pb_text][\/et_pb_column][et_pb_column type=\u00a0\u00bb1_3&Prime; _builder_version=\u00a0\u00bb4.16&Prime; _module_preset=\u00a0\u00bbdefault\u00a0\u00bb global_colors_info=\u00a0\u00bb{}\u00a0\u00bb][et_pb_text _builder_version=\u00a0\u00bb4.27.4&Prime; _module_preset=\u00a0\u00bbdefault\u00a0\u00bb global_colors_info=\u00a0\u00bb{}\u00a0\u00bb]<\/p>\n<p><strong>Hors commune<br \/><\/strong><\/p>\n<p>[\/et_pb_text][et_pb_text _builder_version=\u00a0\u00bb4.27.4&Prime; _module_preset=\u00a0\u00bbdefault\u00a0\u00bb global_colors_info=\u00a0\u00bb{}\u00a0\u00bb]<\/p>\n<p><span style=\"color: #000000;\">385 \u20ac<\/span><\/p>\n<p>[\/et_pb_text][et_pb_text _builder_version=\u00a0\u00bb4.27.4&Prime; _module_preset=\u00a0\u00bbdefault\u00a0\u00bb custom_padding=\u00a0\u00bb|||3px||\u00a0\u00bb global_colors_info=\u00a0\u00bb{}\u00a0\u00bb]<\/p>\n<p><span style=\"color: #000000;\">187 \u20ac<\/span><\/p>\n<p>[\/et_pb_text][et_pb_text _builder_version=\u00a0\u00bb4.27.4&Prime; _module_preset=\u00a0\u00bbdefault\u00a0\u00bb custom_padding=\u00a0\u00bb|||3px||\u00a0\u00bb global_colors_info=\u00a0\u00bb{}\u00a0\u00bb]<\/p>\n<p><span style=\"color: #000000;\">55 \u20ac<\/span><\/p>\n<p>[\/et_pb_text][et_pb_text _builder_version=\u00a0\u00bb4.27.4&Prime; _module_preset=\u00a0\u00bbdefault\u00a0\u00bb global_colors_info=\u00a0\u00bb{}\u00a0\u00bb]<\/p>\n<p><span style=\"color: #000000;\">330\u20ac<\/span><\/p>\n<p>[\/et_pb_text][et_pb_text _builder_version=\u00a0\u00bb4.27.4&Prime; _module_preset=\u00a0\u00bbdefault\u00a0\u00bb global_colors_info=\u00a0\u00bb{}\u00a0\u00bb]<\/p>\n<p><span style=\"color: #000000;\">165 \u20ac<\/span><\/p>\n<p>[\/et_pb_text][et_pb_text _builder_version=\u00a0\u00bb4.27.4&Prime; _module_preset=\u00a0\u00bbdefault\u00a0\u00bb global_colors_info=\u00a0\u00bb{}\u00a0\u00bb]<\/p>\n<p><span style=\"color: #000000;\">55 \u20ac<\/span><\/p>\n<p>[\/et_pb_text][\/et_pb_column][\/et_pb_row][\/et_pb_section]<\/p>\n","protected":false},"excerpt":{"rendered":"<p>LOCATION DE LA SALLE DES F\u00caTESLa commune de Sallenelles met la salle des f\u00eates de la commune \u00e0 la disposition des Sallenellais et des non-Sallenellais. Cette salle permet d&rsquo;accueillir 49 personnes. Elle dispose d&rsquo;un coin cuisine \u00e9quip\u00e9 d&rsquo;une cuisini\u00e8re \u00e9lectrique, d&rsquo;un r\u00e9frig\u00e9rateur, d&rsquo;un four micro-ondes, d&rsquo;une cafeti\u00e8re, de la vaisselle pour 49 personnes et d&rsquo;un [&hellip;]<\/p>\n","protected":false},"author":3,"featured_media":0,"parent":0,"menu_order":0,"comment_status":"closed","ping_status":"closed","template":"","meta":{"_et_pb_use_builder":"on","_et_pb_old_content":"","_et_gb_content_width":"","_monsterinsights_skip_tracking":false,"_monsterinsights_sitenote_active":false,"_monsterinsights_sitenote_note":"","_monsterinsights_sitenote_category":0,"footnotes":""},"class_list":["post-895","page","type-page","status-publish","hentry"],"yoast_head":"<!-- This site is optimized with the Yoast SEO plugin v27.4 - https:\/\/yoast.com\/product\/yoast-seo-wordpress\/ -->\n<title>Salle des F\u00eates - Mairie de Sallenelles<\/title>\n<meta name=\"robots\" content=\"index, follow, max-snippet:-1, max-image-preview:large, max-video-preview:-1\" \/>\n<link rel=\"canonical\" href=\"https:\/\/sallenelles.net\/index.php\/salle-des-fetes\/\" \/>\n<meta property=\"og:locale\" content=\"fr_FR\" \/>\n<meta property=\"og:type\" content=\"article\" \/>\n<meta property=\"og:title\" content=\"Salle des F\u00eates - Mairie de Sallenelles\" \/>\n<meta property=\"og:description\" content=\"LOCATION DE LA SALLE DES F\u00caTESLa commune de Sallenelles met la salle des f\u00eates de la commune \u00e0 la disposition des Sallenellais et des non-Sallenellais. Cette salle permet d&#039;accueillir 49 personnes. Elle dispose d&#039;un coin cuisine \u00e9quip\u00e9 d&#039;une cuisini\u00e8re \u00e9lectrique, d&#039;un r\u00e9frig\u00e9rateur, d&#039;un four micro-ondes, d&#039;une cafeti\u00e8re, de la vaisselle pour 49 personnes et d&#039;un [&hellip;]\" \/>\n<meta property=\"og:url\" content=\"https:\/\/sallenelles.net\/index.php\/salle-des-fetes\/\" \/>\n<meta property=\"og:site_name\" content=\"Mairie de Sallenelles\" \/>\n<meta property=\"article:modified_time\" content=\"2025-03-31T15:29:58+00:00\" \/>\n<meta name=\"twitter:card\" content=\"summary_large_image\" \/>\n<meta name=\"twitter:label1\" content=\"Dur\u00e9e de lecture estim\u00e9e\" \/>\n\t<meta name=\"twitter:data1\" content=\"3 minutes\" \/>\n<script type=\"application\/ld+json\" class=\"yoast-schema-graph\">{\"@context\":\"https:\\\/\\\/schema.org\",\"@graph\":[{\"@type\":\"WebPage\",\"@id\":\"https:\\\/\\\/sallenelles.net\\\/index.php\\\/salle-des-fetes\\\/\",\"url\":\"https:\\\/\\\/sallenelles.net\\\/index.php\\\/salle-des-fetes\\\/\",\"name\":\"Salle des F\u00eates - Mairie de Sallenelles\",\"isPartOf\":{\"@id\":\"https:\\\/\\\/sallenelles.net\\\/#website\"},\"datePublished\":\"2020-10-02T13:52:17+00:00\",\"dateModified\":\"2025-03-31T15:29:58+00:00\",\"breadcrumb\":{\"@id\":\"https:\\\/\\\/sallenelles.net\\\/index.php\\\/salle-des-fetes\\\/#breadcrumb\"},\"inLanguage\":\"fr-FR\",\"potentialAction\":[{\"@type\":\"ReadAction\",\"target\":[\"https:\\\/\\\/sallenelles.net\\\/index.php\\\/salle-des-fetes\\\/\"]}]},{\"@type\":\"BreadcrumbList\",\"@id\":\"https:\\\/\\\/sallenelles.net\\\/index.php\\\/salle-des-fetes\\\/#breadcrumb\",\"itemListElement\":[{\"@type\":\"ListItem\",\"position\":1,\"name\":\"Accueil\",\"item\":\"https:\\\/\\\/sallenelles.net\\\/\"},{\"@type\":\"ListItem\",\"position\":2,\"name\":\"Salle des F\u00eates\"}]},{\"@type\":\"WebSite\",\"@id\":\"https:\\\/\\\/sallenelles.net\\\/#website\",\"url\":\"https:\\\/\\\/sallenelles.net\\\/\",\"name\":\"Mairie de Sallenelles\",\"description\":\"La Vie de la Commune\",\"publisher\":{\"@id\":\"https:\\\/\\\/sallenelles.net\\\/#organization\"},\"potentialAction\":[{\"@type\":\"SearchAction\",\"target\":{\"@type\":\"EntryPoint\",\"urlTemplate\":\"https:\\\/\\\/sallenelles.net\\\/?s={search_term_string}\"},\"query-input\":{\"@type\":\"PropertyValueSpecification\",\"valueRequired\":true,\"valueName\":\"search_term_string\"}}],\"inLanguage\":\"fr-FR\"},{\"@type\":\"Organization\",\"@id\":\"https:\\\/\\\/sallenelles.net\\\/#organization\",\"name\":\"Mairie de Sallenelles\",\"url\":\"https:\\\/\\\/sallenelles.net\\\/\",\"logo\":{\"@type\":\"ImageObject\",\"inLanguage\":\"fr-FR\",\"@id\":\"https:\\\/\\\/sallenelles.net\\\/#\\\/schema\\\/logo\\\/image\\\/\",\"url\":\"https:\\\/\\\/sallenelles.net\\\/wp-content\\\/uploads\\\/2021\\\/04\\\/cropped-blason-sallenelles.jpg\",\"contentUrl\":\"https:\\\/\\\/sallenelles.net\\\/wp-content\\\/uploads\\\/2021\\\/04\\\/cropped-blason-sallenelles.jpg\",\"width\":512,\"height\":512,\"caption\":\"Mairie de Sallenelles\"},\"image\":{\"@id\":\"https:\\\/\\\/sallenelles.net\\\/#\\\/schema\\\/logo\\\/image\\\/\"}}]}<\/script>\n<!-- \/ Yoast SEO plugin. -->","yoast_head_json":{"title":"Salle des F\u00eates - Mairie de Sallenelles","robots":{"index":"index","follow":"follow","max-snippet":"max-snippet:-1","max-image-preview":"max-image-preview:large","max-video-preview":"max-video-preview:-1"},"canonical":"https:\/\/sallenelles.net\/index.php\/salle-des-fetes\/","og_locale":"fr_FR","og_type":"article","og_title":"Salle des F\u00eates - Mairie de Sallenelles","og_description":"LOCATION DE LA SALLE DES F\u00caTESLa commune de Sallenelles met la salle des f\u00eates de la commune \u00e0 la disposition des Sallenellais et des non-Sallenellais. Cette salle permet d'accueillir 49 personnes. Elle dispose d'un coin cuisine \u00e9quip\u00e9 d'une cuisini\u00e8re \u00e9lectrique, d'un r\u00e9frig\u00e9rateur, d'un four micro-ondes, d'une cafeti\u00e8re, de la vaisselle pour 49 personnes et d'un [&hellip;]","og_url":"https:\/\/sallenelles.net\/index.php\/salle-des-fetes\/","og_site_name":"Mairie de Sallenelles","article_modified_time":"2025-03-31T15:29:58+00:00","twitter_card":"summary_large_image","twitter_misc":{"Dur\u00e9e de lecture estim\u00e9e":"3 minutes"},"schema":{"@context":"https:\/\/schema.org","@graph":[{"@type":"WebPage","@id":"https:\/\/sallenelles.net\/index.php\/salle-des-fetes\/","url":"https:\/\/sallenelles.net\/index.php\/salle-des-fetes\/","name":"Salle des F\u00eates - Mairie de Sallenelles","isPartOf":{"@id":"https:\/\/sallenelles.net\/#website"},"datePublished":"2020-10-02T13:52:17+00:00","dateModified":"2025-03-31T15:29:58+00:00","breadcrumb":{"@id":"https:\/\/sallenelles.net\/index.php\/salle-des-fetes\/#breadcrumb"},"inLanguage":"fr-FR","potentialAction":[{"@type":"ReadAction","target":["https:\/\/sallenelles.net\/index.php\/salle-des-fetes\/"]}]},{"@type":"BreadcrumbList","@id":"https:\/\/sallenelles.net\/index.php\/salle-des-fetes\/#breadcrumb","itemListElement":[{"@type":"ListItem","position":1,"name":"Accueil","item":"https:\/\/sallenelles.net\/"},{"@type":"ListItem","position":2,"name":"Salle des F\u00eates"}]},{"@type":"WebSite","@id":"https:\/\/sallenelles.net\/#website","url":"https:\/\/sallenelles.net\/","name":"Mairie de Sallenelles","description":"La Vie de la Commune","publisher":{"@id":"https:\/\/sallenelles.net\/#organization"},"potentialAction":[{"@type":"SearchAction","target":{"@type":"EntryPoint","urlTemplate":"https:\/\/sallenelles.net\/?s={search_term_string}"},"query-input":{"@type":"PropertyValueSpecification","valueRequired":true,"valueName":"search_term_string"}}],"inLanguage":"fr-FR"},{"@type":"Organization","@id":"https:\/\/sallenelles.net\/#organization","name":"Mairie de Sallenelles","url":"https:\/\/sallenelles.net\/","logo":{"@type":"ImageObject","inLanguage":"fr-FR","@id":"https:\/\/sallenelles.net\/#\/schema\/logo\/image\/","url":"https:\/\/sallenelles.net\/wp-content\/uploads\/2021\/04\/cropped-blason-sallenelles.jpg","contentUrl":"https:\/\/sallenelles.net\/wp-content\/uploads\/2021\/04\/cropped-blason-sallenelles.jpg","width":512,"height":512,"caption":"Mairie de Sallenelles"},"image":{"@id":"https:\/\/sallenelles.net\/#\/schema\/logo\/image\/"}}]}},"_links":{"self":[{"href":"https:\/\/sallenelles.net\/index.php\/wp-json\/wp\/v2\/pages\/895","targetHints":{"allow":["GET"]}}],"collection":[{"href":"https:\/\/sallenelles.net\/index.php\/wp-json\/wp\/v2\/pages"}],"about":[{"href":"https:\/\/sallenelles.net\/index.php\/wp-json\/wp\/v2\/types\/page"}],"author":[{"embeddable":true,"href":"https:\/\/sallenelles.net\/index.php\/wp-json\/wp\/v2\/users\/3"}],"replies":[{"embeddable":true,"href":"https:\/\/sallenelles.net\/index.php\/wp-json\/wp\/v2\/comments?post=895"}],"version-history":[{"count":21,"href":"https:\/\/sallenelles.net\/index.php\/wp-json\/wp\/v2\/pages\/895\/revisions"}],"predecessor-version":[{"id":1703,"href":"https:\/\/sallenelles.net\/index.php\/wp-json\/wp\/v2\/pages\/895\/revisions\/1703"}],"wp:attachment":[{"href":"https:\/\/sallenelles.net\/index.php\/wp-json\/wp\/v2\/media?parent=895"}],"curies":[{"name":"wp","href":"https:\/\/api.w.org\/{rel}","templated":true}]}}